{"id":1237,"date":"2021-05-23T09:35:07","date_gmt":"2021-05-23T08:35:07","guid":{"rendered":"https:\/\/festivalcapuchos.com\/?page_id=1237"},"modified":"2024-05-02T16:03:06","modified_gmt":"2024-05-02T15:03:06","slug":"contacto_2023","status":"publish","type":"page","link":"https:\/\/festivalcapuchos.com\/en\/contacto_2023\/","title":{"rendered":"Contacto"},"content":{"rendered":"<div data-elementor-type=\"wp-page\" data-elementor-id=\"1237\" class=\"elementor elementor-1237\" data-elementor-post-type=\"page\">\n\t\t\t\t\t\t<section class=\"elementor-section elementor-top-section elementor-element elementor-element-cdf1333 elementor-section-boxed elementor-section-height-default elementor-section-height-default\" data-id=\"cdf1333\" data-element_type=\"section\" data-e-type=\"section\" data-settings=\"{&quot;background_background&quot;:&quot;classic&quot;}\">\n\t\t\t\t\t\t<div class=\"elementor-container elementor-column-gap-default\">\n\t\t\t\t\t<div class=\"elementor-column elementor-col-100 elementor-top-column elementor-element elementor-element-88d3fd4\" data-id=\"88d3fd4\" data-element_type=\"column\" data-e-type=\"column\">\n\t\t\t<div class=\"elementor-widget-wrap elementor-element-populated\">\n\t\t\t\t\t\t<div class=\"elementor-element elementor-element-f16f2c4 elementor-widget elementor-widget-spacer\" data-id=\"f16f2c4\" data-element_type=\"widget\" data-e-type=\"widget\" data-widget_type=\"spacer.default\">\n\t\t\t\t<div class=\"elementor-widget-container\">\n\t\t\t\t\t\t\t<div class=\"elementor-spacer\">\n\t\t\t<div class=\"elementor-spacer-inner\"><\/div>\n\t\t<\/div>\n\t\t\t\t\t\t<\/div>\n\t\t\t\t<\/div>\n\t\t\t\t\t<\/div>\n\t\t<\/div>\n\t\t\t\t\t<\/div>\n\t\t<\/section>\n\t\t\t\t<section class=\"elementor-section elementor-top-section elementor-element elementor-element-76cf48e elementor-section-content-top elementor-section-boxed elementor-section-height-default elementor-section-height-default\" data-id=\"76cf48e\" data-element_type=\"section\" data-e-type=\"section\" data-settings=\"{&quot;animation&quot;:&quot;none&quot;,&quot;background_background&quot;:&quot;classic&quot;}\">\n\t\t\t\t\t\t<div class=\"elementor-container elementor-column-gap-no\">\n\t\t\t\t\t<div class=\"elementor-column elementor-col-50 elementor-top-column elementor-element elementor-element-00fcc42\" data-id=\"00fcc42\" data-element_type=\"column\" data-e-type=\"column\">\n\t\t\t<div class=\"elementor-widget-wrap elementor-element-populated\">\n\t\t\t\t\t\t<div class=\"elementor-element elementor-element-503e44e elementor-widget elementor-widget-image\" data-id=\"503e44e\" data-element_type=\"widget\" data-e-type=\"widget\" data-widget_type=\"image.default\">\n\t\t\t\t<div class=\"elementor-widget-container\">\n\t\t\t\t\t\t\t\t\t\t\t\t\t\t\t<img fetchpriority=\"high\" decoding=\"async\" width=\"624\" height=\"369\" src=\"https:\/\/festivalcapuchos.com\/wp-content\/uploads\/2021\/05\/LOGOy.png\" class=\"attachment-large size-large wp-image-2665\" alt=\"\" srcset=\"https:\/\/festivalcapuchos.com\/wp-content\/uploads\/2021\/05\/LOGOy.png 624w, https:\/\/festivalcapuchos.com\/wp-content\/uploads\/2021\/05\/LOGOy-300x177.png 300w\" sizes=\"(max-width: 624px) 100vw, 624px\" \/>\t\t\t\t\t\t\t\t\t\t\t\t\t\t\t<\/div>\n\t\t\t\t<\/div>\n\t\t\t\t<div class=\"elementor-element elementor-element-77ce1b6 elementor-widget elementor-widget-text-editor\" data-id=\"77ce1b6\" data-element_type=\"widget\" data-e-type=\"widget\" data-widget_type=\"text-editor.default\">\n\t\t\t\t<div class=\"elementor-widget-container\">\n\t\t\t\t\t\t\t\t\t<p><a href=\"\/en\/info@festivalcapuchos.com\/\">info@festivalcapuchos.com<\/a><br \/>+351 938 941 224<\/p><p><strong>Convento dos Capuchos<\/strong><br \/>R. Miradouro dos Capuchos, Caparica &#8211;\u00a0Almada &#8211; Portugal<\/p><p>\u00a0<\/p>\t\t\t\t\t\t\t\t<\/div>\n\t\t\t\t<\/div>\n\t\t\t\t\t<\/div>\n\t\t<\/div>\n\t\t\t\t<div class=\"elementor-column elementor-col-50 elementor-top-column elementor-element elementor-element-03dac51\" data-id=\"03dac51\" data-element_type=\"column\" data-e-type=\"column\" data-settings=\"{&quot;animation&quot;:&quot;none&quot;}\">\n\t\t\t<div class=\"elementor-widget-wrap elementor-element-populated\">\n\t\t\t\t\t\t<div class=\"elementor-element elementor-element-3734d21 elementor-widget__width-initial elementor-widget elementor-widget-google_maps\" data-id=\"3734d21\" data-element_type=\"widget\" data-e-type=\"widget\" data-widget_type=\"google_maps.default\">\n\t\t\t\t<div class=\"elementor-widget-container\">\n\t\t\t\t\t\t\t<div class=\"elementor-custom-embed\">\n\t\t\t<iframe loading=\"lazy\"\n\t\t\t\t\tsrc=\"https:\/\/maps.google.com\/maps?q=R.%20Miradouro%20dos%20Capuchos%2C%20Caparica&#038;t=m&#038;z=16&#038;output=embed&#038;iwloc=near\"\n\t\t\t\t\ttitle=\"R. Miradouro dos Capuchos, Caparica\"\n\t\t\t\t\taria-label=\"R. Miradouro dos Capuchos, Caparica\"\n\t\t\t><\/iframe>\n\t\t<\/div>\n\t\t\t\t\t\t<\/div>\n\t\t\t\t<\/div>\n\t\t\t\t\t<\/div>\n\t\t<\/div>\n\t\t\t\t\t<\/div>\n\t\t<\/section>\n\t\t\t\t<section class=\"elementor-section elementor-top-section elementor-element elementor-element-5471365 elementor-section-boxed elementor-section-height-default elementor-section-height-default\" data-id=\"5471365\" data-element_type=\"section\" data-e-type=\"section\" data-settings=\"{&quot;background_background&quot;:&quot;classic&quot;}\">\n\t\t\t\t\t\t<div class=\"elementor-container elementor-column-gap-default\">\n\t\t\t\t\t<div class=\"elementor-column elementor-col-16 elementor-top-column elementor-element elementor-element-564c449\" data-id=\"564c449\" data-element_type=\"column\" data-e-type=\"column\">\n\t\t\t<div class=\"elementor-widget-wrap\">\n\t\t\t\t\t\t\t<\/div>\n\t\t<\/div>\n\t\t\t\t<div class=\"elementor-column elementor-col-66 elementor-top-column elementor-element elementor-element-077ab1e\" data-id=\"077ab1e\" data-element_type=\"column\" data-e-type=\"column\">\n\t\t\t<div class=\"elementor-widget-wrap elementor-element-populated\">\n\t\t\t\t\t\t<div class=\"elementor-element elementor-element-9abdc3f elementor-widget elementor-widget-menu-anchor\" data-id=\"9abdc3f\" data-element_type=\"widget\" data-e-type=\"widget\" data-widget_type=\"menu-anchor.default\">\n\t\t\t\t<div class=\"elementor-widget-container\">\n\t\t\t\t\t\t\t<div class=\"elementor-menu-anchor\" id=\"comochegar\"><\/div>\n\t\t\t\t\t\t<\/div>\n\t\t\t\t<\/div>\n\t\t\t\t<div class=\"elementor-element elementor-element-8b9bc44 elementor-widget elementor-widget-spacer\" data-id=\"8b9bc44\" data-element_type=\"widget\" data-e-type=\"widget\" data-widget_type=\"spacer.default\">\n\t\t\t\t<div class=\"elementor-widget-container\">\n\t\t\t\t\t\t\t<div class=\"elementor-spacer\">\n\t\t\t<div class=\"elementor-spacer-inner\"><\/div>\n\t\t<\/div>\n\t\t\t\t\t\t<\/div>\n\t\t\t\t<\/div>\n\t\t\t\t<div class=\"elementor-element elementor-element-eff98fa elementor-widget elementor-widget-text-editor\" data-id=\"eff98fa\" data-element_type=\"widget\" data-e-type=\"widget\" data-widget_type=\"text-editor.default\">\n\t\t\t\t<div class=\"elementor-widget-container\">\n\t\t\t\t\t\t\t\t\t<h2>HOW TO GET THERE<\/h2>\t\t\t\t\t\t\t\t<\/div>\n\t\t\t\t<\/div>\n\t\t\t\t\t<\/div>\n\t\t<\/div>\n\t\t\t\t<div class=\"elementor-column elementor-col-16 elementor-top-column elementor-element elementor-element-088195b\" data-id=\"088195b\" data-element_type=\"column\" data-e-type=\"column\">\n\t\t\t<div class=\"elementor-widget-wrap\">\n\t\t\t\t\t\t\t<\/div>\n\t\t<\/div>\n\t\t\t\t\t<\/div>\n\t\t<\/section>\n\t\t\t\t<section class=\"elementor-section elementor-top-section elementor-element elementor-element-026d6bc elementor-section-boxed elementor-section-height-default elementor-section-height-default\" data-id=\"026d6bc\" data-element_type=\"section\" data-e-type=\"section\" data-settings=\"{&quot;background_background&quot;:&quot;classic&quot;}\">\n\t\t\t\t\t\t<div class=\"elementor-container elementor-column-gap-default\">\n\t\t\t\t\t<div class=\"elementor-column elementor-col-16 elementor-top-column elementor-element elementor-element-c81453d\" data-id=\"c81453d\" data-element_type=\"column\" data-e-type=\"column\">\n\t\t\t<div class=\"elementor-widget-wrap\">\n\t\t\t\t\t\t\t<\/div>\n\t\t<\/div>\n\t\t\t\t<div class=\"elementor-column elementor-col-66 elementor-top-column elementor-element elementor-element-c6e6296\" data-id=\"c6e6296\" data-element_type=\"column\" data-e-type=\"column\">\n\t\t\t<div class=\"elementor-widget-wrap elementor-element-populated\">\n\t\t\t\t\t\t<div class=\"elementor-element elementor-element-70883aa elementor-widget elementor-widget-text-editor\" data-id=\"70883aa\" data-element_type=\"widget\" data-e-type=\"widget\" data-widget_type=\"text-editor.default\">\n\t\t\t\t<div class=\"elementor-widget-container\">\n\t\t\t\t\t\t\t\t\t<p><strong>PUBLIC TRANSPORTATION<\/strong><br \/><strong>Metro\u00a0<\/strong>\u00a0<a href=\"https:\/\/www.mts.pt\">MTS<\/a><br \/><strong>Train\u00a0<\/strong>\u00a0<a href=\"https:\/\/www.fertagus.pt\">Fertagus<\/a>, <a href=\"https:\/\/www.cp.pt\/passageiros\/pt\">CP<\/a><br \/><strong>Bus<\/strong>\u00a0\u00a0<a href=\"https:\/\/www.tsuldotejo.pt\">TST<\/a>, <a href=\"https:\/\/www.carris.pt\">Carris<\/a><br \/><strong>Boat<\/strong>\u00a0 \u00a0<a href=\"https:\/\/ttsl.pt\">Transtejo<\/a><\/p><p><span style=\"text-decoration: underline;\"><strong>\u2022 TO CONVENTO DOS CAPUCHOS<\/strong><\/span><\/p><p style=\"font-weight: 400;\" class=\"translation-block\">Departures from Lisbon (Roma-Areeiro \/ Entrecampos \/ Sete Rios \/ Campolide)\nTrain Fertagus until \u201cPragal\u201d Station \u2192 Bus TST 3022 (Costa da Caparica Terminal) until stop \u201cCapuchos (En10-1) 738 (Rotunda)\u201d.<\/p><p style=\"font-weight: 400;\" class=\"translation-block\">Departures from Lisbon (Cais do Sodr\u00e9)\nBoat to Cacilhas \u2192 Bus TST 3022 (Costa da Caparica Terminal) until stop \u201cCapuchos (En10-1) 738 (Rotunda)\u201d.<\/p><p style=\"font-weight: 400;\" class=\"translation-block\">Departures from Almada (Costa da Caparica)\nBus TST 3023 (Laranjeiro), 3022 (Cacilhas Terminal), 3024 (Pragal Esta\u00e7\u00e3o) until stop \u201cCapuchos (En10-1) 738 (Rotunda)\u201d.<\/p><p style=\"font-weight: 400;\" class=\"translation-block\">Departures from Almada (Cacilhas)\nBus TST 3022 (Costa da Caparica Terminal) until stop \u201cCapuchos (En10-1) 738 (Rotunda)\u201d.<\/p><p style=\"font-weight: 400;\" class=\"translation-block\">Departures from Almada (F\u00f3rum \/ Sobreda)\nBus TST 3024 (Costa da Caparica Terminal) until stop \u201cCapuchos (En10-1) 738 (Rotunda)\u201d.<\/p><p style=\"font-weight: 400;\" class=\"translation-block\">Departures from Seixal (Corroios)\nTrain Fertagus until \u201cPragal\u201d Station \u2192 Bus TST 3024 (Costa da Caparica Terminal) until stop \u201cCapuchos (En10-1) 738 (Rotunda)\u201d.<\/p><p style=\"font-weight: 400;\"><span style=\"text-decoration: underline;\"><strong>By car<br \/><\/strong><\/span><span style=\"font-weight: 400;\">25th of April Bridge. 1st exit towards \u201cCaparica\u201d; N 10-1 \u201cCapuchos\u201d exit.<\/span><\/p><p>\u00a0<\/p><p><span style=\"text-decoration: underline;\"><strong>\u2022 TO TEATRO MUNICIPAL JOAQUIM BENITE<\/strong><\/span><\/p><p style=\"font-weight: 400;\" class=\"translation-block\">Departures from Lisbon (Roma-Areeiro \/ Entrecampos \/ Sete Rios \/ Campolide)\nTrain Fertagus until \u201cPragal\u201d Station \u2192 Bus TST 3007 (Cacilhas Terminal) until stop \u201cCova Piedade (Av Rainha D Leonor 13)\u201d.\nTrain Fertagus until \u201cCorroios\u201d Station \u2192 Autocarro TST 3506 (Cacilhas Terminal), until stop \u201cCova Piedade (Av Rainha D Leonor 13)\u201d.<\/p><p style=\"font-weight: 400;\">Departures from Lisbon (Cais do Sodr\u00e9)\nBoat to Cacilhas \u2192 Bus TST 3009 (Trafaria (Terminal)) until stop \u201cAv D Nuno \u00c1lv Pereira P\u00e7a S J Baptista\u201d.<\/p><p style=\"font-weight: 400;\" class=\"translation-block\">Departures from Almada (Costa da Caparica)\nBus TST 3011 (Cacilhas Terminal) until stop \u201cCova Piedade (Av Rainha D Leonor 13)\u201d.<\/p><p style=\"font-weight: 400;\" class=\"translation-block\">Departures from Almada (F\u00f3rum \/ Cacilhas)\nBus TST 3013 (Feij\u00f3 (Almada Forum)) until stop \u201cAlmada R Rainha D Leonor 23 (Escola)\u201d.<\/p><p style=\"font-weight: 400;\" class=\"translation-block\">Departures from Almada (Sobreda)\nBus TST 3024 (Pragal Esta\u00e7\u00e3o) until stop \u201cFeij\u00f3 (Mercado Levante) Av Dr Ant Elvas\u201d \u2192 Bus TST 3013 (Cacilhas Terminal) until stop \u201cCova Piedade (Av Rainha D Leonor 13)\u201d.<\/p><p style=\"font-weight: 400;\" class=\"translation-block\">Departures from Seixal (Corroios)\nBus TST 3506 (Cacilhas Terminal), until stop \u201cCova Piedade (Av Rainha D Leonor 13)\u201d.<\/p><p style=\"font-weight: 400;\" class=\"translation-block\">Departures from Seixal (Corroios)\nBus TST 3506 (Cacilhas Terminal), until stop \u201cCova Piedade (Av Rainha D Leonor 13)\u201d.<\/p><p><span style=\"text-decoration: underline;\"><strong>By car<br \/><\/strong><\/span><span style=\"font-weight: 400;\">25 de Abril Bridge. 1st exit towards \u201cAlmada \u2013 Centro\u201d.<\/span><\/p><p>\u00a0<\/p>\t\t\t\t\t\t\t\t<\/div>\n\t\t\t\t<\/div>\n\t\t\t\t\t<\/div>\n\t\t<\/div>\n\t\t\t\t<div class=\"elementor-column elementor-col-16 elementor-top-column elementor-element elementor-element-ff0f0d4\" data-id=\"ff0f0d4\" data-element_type=\"column\" data-e-type=\"column\">\n\t\t\t<div class=\"elementor-widget-wrap\">\n\t\t\t\t\t\t\t<\/div>\n\t\t<\/div>\n\t\t\t\t\t<\/div>\n\t\t<\/section>\n\t\t\t\t<section class=\"elementor-section elementor-top-section elementor-element elementor-element-25669ea8 elementor-section-boxed elementor-section-height-default elementor-section-height-default\" data-id=\"25669ea8\" data-element_type=\"section\" data-e-type=\"section\">\n\t\t\t\t\t\t<div class=\"elementor-container elementor-column-gap-default\">\n\t\t\t\t\t\t<\/div>\n\t\t<\/section>\n\t\t\t\t<section class=\"elementor-section elementor-top-section elementor-element elementor-element-423e278c elementor-section-boxed elementor-section-height-default elementor-section-height-default\" data-id=\"423e278c\" data-element_type=\"section\" data-e-type=\"section\">\n\t\t\t\t\t\t<div class=\"elementor-container elementor-column-gap-default\">\n\t\t\t\t\t\t<\/div>\n\t\t<\/section>\n\t\t\t\t<section class=\"elementor-section elementor-top-section elementor-element elementor-element-55d24b7f elementor-section-boxed elementor-section-height-default elementor-section-height-default\" data-id=\"55d24b7f\" data-element_type=\"section\" data-e-type=\"section\">\n\t\t\t\t\t\t<div class=\"elementor-container elementor-column-gap-default\">\n\t\t\t\t\t\t<\/div>\n\t\t<\/section>\n\t\t\t\t<section class=\"elementor-section elementor-top-section elementor-element elementor-element-d078360 elementor-section-boxed elementor-section-height-default elementor-section-height-default\" data-id=\"d078360\" data-element_type=\"section\" data-e-type=\"section\" data-settings=\"{&quot;background_background&quot;:&quot;classic&quot;}\">\n\t\t\t\t\t\t<div class=\"elementor-container elementor-column-gap-default\">\n\t\t\t\t\t<div class=\"elementor-column elementor-col-100 elementor-top-column elementor-element elementor-element-4c3e883\" data-id=\"4c3e883\" data-element_type=\"column\" data-e-type=\"column\">\n\t\t\t<div class=\"elementor-widget-wrap elementor-element-populated\">\n\t\t\t\t\t\t<div class=\"elementor-element elementor-element-7afbfac elementor-widget elementor-widget-spacer\" data-id=\"7afbfac\" data-element_type=\"widget\" data-e-type=\"widget\" data-widget_type=\"spacer.default\">\n\t\t\t\t<div class=\"elementor-widget-container\">\n\t\t\t\t\t\t\t<div class=\"elementor-spacer\">\n\t\t\t<div class=\"elementor-spacer-inner\"><\/div>\n\t\t<\/div>\n\t\t\t\t\t\t<\/div>\n\t\t\t\t<\/div>\n\t\t\t\t\t<\/div>\n\t\t<\/div>\n\t\t\t\t\t<\/div>\n\t\t<\/section>\n\t\t\t\t<section class=\"elementor-section elementor-top-section elementor-element elementor-element-49fd6ad7 elementor-section-boxed elementor-section-height-default elementor-section-height-default\" data-id=\"49fd6ad7\" data-element_type=\"section\" data-e-type=\"section\">\n\t\t\t\t\t\t<div class=\"elementor-container elementor-column-gap-default\">\n\t\t\t\t\t\t<\/div>\n\t\t<\/section>\n\t\t\t\t<section class=\"elementor-section elementor-top-section elementor-element elementor-element-260c856d elementor-section-boxed elementor-section-height-default elementor-section-height-default\" data-id=\"260c856d\" data-element_type=\"section\" data-e-type=\"section\" data-settings=\"{&quot;background_background&quot;:&quot;classic&quot;}\">\n\t\t\t\t\t\t<div class=\"elementor-container elementor-column-gap-default\">\n\t\t\t\t\t<div class=\"elementor-column elementor-col-100 elementor-top-column elementor-element elementor-element-11cd20c5\" data-id=\"11cd20c5\" data-element_type=\"column\" data-e-type=\"column\">\n\t\t\t<div class=\"elementor-widget-wrap elementor-element-populated\">\n\t\t\t\t\t\t<div class=\"elementor-element elementor-element-1ae879c6 elementor-widget elementor-widget-spacer\" data-id=\"1ae879c6\" data-element_type=\"widget\" data-e-type=\"widget\" data-widget_type=\"spacer.default\">\n\t\t\t\t<div class=\"elementor-widget-container\">\n\t\t\t\t\t\t\t<div class=\"elementor-spacer\">\n\t\t\t<div class=\"elementor-spacer-inner\"><\/div>\n\t\t<\/div>\n\t\t\t\t\t\t<\/div>\n\t\t\t\t<\/div>\n\t\t\t\t\t<\/div>\n\t\t<\/div>\n\t\t\t\t\t<\/div>\n\t\t<\/section>\n\t\t\t\t<\/div>","protected":false},"excerpt":{"rendered":"<p>info@festivalcapuchos.com+351 938 941 224 Convento dos CapuchosR. Miradouro dos Capuchos, Caparica &#8211;\u00a0Almada &#8211; Portugal \u00a0 COMO CHEGAR TRANSPORTES P\u00daBLICOSMetro\u00a0\u00a0MTSComboio\u00a0\u00a0Fertagus, CPAutocarros\u00a0\u00a0TST, CarrisBarcos\u00a0 \u00a0Transtejo \u2022 PARA O CONVENTO DOS CAPUCHOS Partidas de Lisboa (Roma-Areeiro \/ Entrecampos \/ Sete Rios \/ Campolide)Comboio da Fertagus at\u00e9 esta\u00e7\u00e3o \u201cPragal\u201d \u2192 Autocarro TST 3022 (Costa da Caparica Terminal) at\u00e9 paragem \u201cCapuchos [&hellip;]<\/p>\n","protected":false},"author":5,"featured_media":0,"parent":0,"menu_order":0,"comment_status":"closed","ping_status":"closed","template":"","meta":{"_acf_changed":false,"ocean_post_layout":"","ocean_both_sidebars_style":"","ocean_both_sidebars_content_width":0,"ocean_both_sidebars_sidebars_width":0,"ocean_sidebar":"0","ocean_second_sidebar":"0","ocean_disable_margins":"enable","ocean_add_body_class":"","ocean_shortcode_before_top_bar":"","ocean_shortcode_after_top_bar":"","ocean_shortcode_before_header":"","ocean_shortcode_after_header":"","ocean_has_shortcode":"","ocean_shortcode_after_title":"","ocean_shortcode_before_footer_widgets":"","ocean_shortcode_after_footer_widgets":"","ocean_shortcode_before_footer_bottom":"","ocean_shortcode_after_footer_bottom":"","ocean_display_top_bar":"default","ocean_display_header":"default","ocean_header_style":"","ocean_center_header_left_menu":"0","ocean_custom_header_template":"0","ocean_custom_logo":0,"ocean_custom_retina_logo":0,"ocean_custom_logo_max_width":0,"ocean_custom_logo_tablet_max_width":0,"ocean_custom_logo_mobile_max_width":0,"ocean_custom_logo_max_height":0,"ocean_custom_logo_tablet_max_height":0,"ocean_custom_logo_mobile_max_height":0,"ocean_header_custom_menu":"0","ocean_menu_typo_font_family":"0","ocean_menu_typo_font_subset":"","ocean_menu_typo_font_size":0,"ocean_menu_typo_font_size_tablet":0,"ocean_menu_typo_font_size_mobile":0,"ocean_menu_typo_font_size_unit":"px","ocean_menu_typo_font_weight":"","ocean_menu_typo_font_weight_tablet":"","ocean_menu_typo_font_weight_mobile":"","ocean_menu_typo_transform":"","ocean_menu_typo_transform_tablet":"","ocean_menu_typo_transform_mobile":"","ocean_menu_typo_line_height":0,"ocean_menu_typo_line_height_tablet":0,"ocean_menu_typo_line_height_mobile":0,"ocean_menu_typo_line_height_unit":"","ocean_menu_typo_spacing":0,"ocean_menu_typo_spacing_tablet":0,"ocean_menu_typo_spacing_mobile":0,"ocean_menu_typo_spacing_unit":"","ocean_menu_link_color":"","ocean_menu_link_color_hover":"","ocean_menu_link_color_active":"","ocean_menu_link_background":"","ocean_menu_link_hover_background":"","ocean_menu_link_active_background":"","ocean_menu_social_links_bg":"","ocean_menu_social_hover_links_bg":"","ocean_menu_social_links_color":"","ocean_menu_social_hover_links_color":"","ocean_disable_title":"default","ocean_disable_heading":"default","ocean_post_title":"","ocean_post_subheading":"","ocean_post_title_style":"","ocean_post_title_background_color":"","ocean_post_title_background":0,"ocean_post_title_bg_image_position":"","ocean_post_title_bg_image_attachment":"","ocean_post_title_bg_image_repeat":"","ocean_post_title_bg_image_size":"","ocean_post_title_height":0,"ocean_post_title_bg_overlay":0.5,"ocean_post_title_bg_overlay_color":"","ocean_disable_breadcrumbs":"default","ocean_breadcrumbs_color":"","ocean_breadcrumbs_separator_color":"","ocean_breadcrumbs_links_color":"","ocean_breadcrumbs_links_hover_color":"","ocean_display_footer_widgets":"default","ocean_display_footer_bottom":"default","ocean_custom_footer_template":"0","footnotes":""},"class_list":["post-1237","page","type-page","status-publish","hentry","entry"],"acf":[],"aioseo_notices":[],"_links":{"self":[{"href":"https:\/\/festivalcapuchos.com\/en\/wp-json\/wp\/v2\/pages\/1237","targetHints":{"allow":["GET"]}}],"collection":[{"href":"https:\/\/festivalcapuchos.com\/en\/wp-json\/wp\/v2\/pages"}],"about":[{"href":"https:\/\/festivalcapuchos.com\/en\/wp-json\/wp\/v2\/types\/page"}],"author":[{"embeddable":true,"href":"https:\/\/festivalcapuchos.com\/en\/wp-json\/wp\/v2\/users\/5"}],"replies":[{"embeddable":true,"href":"https:\/\/festivalcapuchos.com\/en\/wp-json\/wp\/v2\/comments?post=1237"}],"version-history":[{"count":1,"href":"https:\/\/festivalcapuchos.com\/en\/wp-json\/wp\/v2\/pages\/1237\/revisions"}],"predecessor-version":[{"id":15822,"href":"https:\/\/festivalcapuchos.com\/en\/wp-json\/wp\/v2\/pages\/1237\/revisions\/15822"}],"wp:attachment":[{"href":"https:\/\/festivalcapuchos.com\/en\/wp-json\/wp\/v2\/media?parent=1237"}],"curies":[{"name":"wp","href":"https:\/\/api.w.org\/{rel}","templated":true}]}}