{"id":12399,"date":"2023-05-16T11:16:18","date_gmt":"2023-05-16T10:16:18","guid":{"rendered":"https:\/\/festivalcapuchos.com\/?page_id=12399"},"modified":"2023-05-16T15:30:10","modified_gmt":"2023-05-16T14:30:10","slug":"ines-de-medeiros","status":"publish","type":"page","link":"https:\/\/festivalcapuchos.com\/en\/ines-de-medeiros\/","title":{"rendered":"In\u00eas de Medeiros"},"content":{"rendered":"<div data-elementor-type=\"wp-page\" data-elementor-id=\"12399\" class=\"elementor elementor-12399\" data-elementor-post-type=\"page\">\n\t\t\t\t\t\t<section class=\"elementor-section elementor-top-section elementor-element elementor-element-48f01f95 elementor-section-boxed elementor-section-height-default elementor-section-height-default\" data-id=\"48f01f95\" data-element_type=\"section\" data-e-type=\"section\" data-settings=\"{&quot;background_background&quot;:&quot;classic&quot;}\">\n\t\t\t\t\t\t<div class=\"elementor-container elementor-column-gap-default\">\n\t\t\t\t\t<div class=\"elementor-column elementor-col-25 elementor-top-column elementor-element elementor-element-57cbba3b\" data-id=\"57cbba3b\" data-element_type=\"column\" data-e-type=\"column\">\n\t\t\t<div class=\"elementor-widget-wrap\">\n\t\t\t\t\t\t\t<\/div>\n\t\t<\/div>\n\t\t\t\t<div class=\"elementor-column elementor-col-25 elementor-top-column elementor-element elementor-element-3c539345\" data-id=\"3c539345\" data-element_type=\"column\" data-e-type=\"column\">\n\t\t\t<div class=\"elementor-widget-wrap elementor-element-populated\">\n\t\t\t\t\t\t<div class=\"elementor-element elementor-element-70171de elementor-widget elementor-widget-spacer\" data-id=\"70171de\" data-element_type=\"widget\" data-e-type=\"widget\" data-widget_type=\"spacer.default\">\n\t\t\t\t<div class=\"elementor-widget-container\">\n\t\t\t\t\t\t\t<div class=\"elementor-spacer\">\n\t\t\t<div class=\"elementor-spacer-inner\"><\/div>\n\t\t<\/div>\n\t\t\t\t\t\t<\/div>\n\t\t\t\t<\/div>\n\t\t\t\t<div class=\"elementor-element elementor-element-aa9ed51 elementor-widget elementor-widget-image\" data-id=\"aa9ed51\" data-element_type=\"widget\" data-e-type=\"widget\" data-widget_type=\"image.default\">\n\t\t\t\t<div class=\"elementor-widget-container\">\n\t\t\t\t\t\t\t\t\t\t\t\t\t\t\t<img fetchpriority=\"high\" decoding=\"async\" width=\"534\" height=\"534\" src=\"https:\/\/festivalcapuchos.com\/wp-content\/uploads\/2021\/05\/medeiros.png\" class=\"attachment-1536x1536 size-1536x1536 wp-image-3665\" alt=\"\" srcset=\"https:\/\/festivalcapuchos.com\/wp-content\/uploads\/2021\/05\/medeiros.png 534w, https:\/\/festivalcapuchos.com\/wp-content\/uploads\/2021\/05\/medeiros-300x300.png 300w, https:\/\/festivalcapuchos.com\/wp-content\/uploads\/2021\/05\/medeiros-150x150.png 150w\" sizes=\"(max-width: 534px) 100vw, 534px\" \/>\t\t\t\t\t\t\t\t\t\t\t\t\t\t\t<\/div>\n\t\t\t\t<\/div>\n\t\t\t\t\t<\/div>\n\t\t<\/div>\n\t\t\t\t<div class=\"elementor-column elementor-col-25 elementor-top-column elementor-element elementor-element-47bd8cb3\" data-id=\"47bd8cb3\" data-element_type=\"column\" data-e-type=\"column\">\n\t\t\t<div class=\"elementor-widget-wrap elementor-element-populated\">\n\t\t\t\t\t\t<div class=\"elementor-element elementor-element-0b5f117 elementor-widget elementor-widget-spacer\" data-id=\"0b5f117\" data-element_type=\"widget\" data-e-type=\"widget\" data-widget_type=\"spacer.default\">\n\t\t\t\t<div class=\"elementor-widget-container\">\n\t\t\t\t\t\t\t<div class=\"elementor-spacer\">\n\t\t\t<div class=\"elementor-spacer-inner\"><\/div>\n\t\t<\/div>\n\t\t\t\t\t\t<\/div>\n\t\t\t\t<\/div>\n\t\t\t\t<div class=\"elementor-element elementor-element-aea60b7 elementor-widget elementor-widget-text-editor\" data-id=\"aea60b7\" data-element_type=\"widget\" data-e-type=\"widget\" data-widget_type=\"text-editor.default\">\n\t\t\t\t<div class=\"elementor-widget-container\">\n\t\t\t\t\t\t\t\t\t<h2>IN\u00caS DE MEDEIROS<\/h2><h5>Mayor of Almada<\/h5>\t\t\t\t\t\t\t\t<\/div>\n\t\t\t\t<\/div>\n\t\t\t\t<div class=\"elementor-element elementor-element-f7ed57a elementor-drop-cap-yes elementor-drop-cap-view-default elementor-widget elementor-widget-text-editor\" data-id=\"f7ed57a\" data-element_type=\"widget\" data-e-type=\"widget\" data-settings=\"{&quot;drop_cap&quot;:&quot;yes&quot;}\" data-widget_type=\"text-editor.default\">\n\t\t\t\t<div class=\"elementor-widget-container\">\n\t\t\t\t\t\t\t\t\t<p class=\"translation-block\">Imagined around the seasons, the Festival de M\u00fasica dos Capuchos 2023 brings together composers who, for over more than 4 centuries, have explored this concept, from Vivaldi to Tchaikovsky, and Piazzolla to Philip Glass. From these seasons \u2013 historical, philosophical or seasonal, other artists and other times are invoked. It is through the exploration of this relationship between the passage of time and nature \u2013 human, divine, natural \u2013 in the inseparable intersection between form and content, that the work of these artists becomes a cultural ritual of contemplation and discovery.<\/p><p>Over the last three editions, the Festival has also been asserting itself as a space for sharing and dialogue, celebrating the written word is with the evocation of great names in literature. \u201cCapuchos Talks\u201d, curated by Carlos Vaz Marques, dedicates this edition to the centenary of the births of M\u00e1rio Cesariny de Vasconcelos, Nat\u00e1lia Correia, and Eug\u00e9nio de Andrade. Constantly looking for improvement and diversification, this year will also mark the debut of the \u201cCapuchos Masterclasses\u201d, guided by internationally renowned teachers, pre-concert talks called \u201cCapuchos Preludes\u201d, moderated by Jo\u00e3o Almeida, and the \u201cCapuchos Walk\u201d that will take us through the Protected Landscape of the Fossil Cliff of Costa da Caparica.<\/p><p>Extending its program to several venues, this edition will have concerts at Convento dos Capuchos and in unprecedented way 3 concerts at the Municipal Theater Joaquim Benite. The Festival once again welcomes sets of international reference and excellence, with particular emphasis on the Venice Baroque Orchestra \u201cI Solisti Veneti\u201d, the Budapest Chamber Orchestra \u201cFranz Liszt\u201d and the Herm\u00e8s Quartet. Many great international soloists will step onto the Festival's stages, including violinists Mario Hossen, Jack Liebeck and Esther Hoppe, singers Lena Belkina, Ana Karina Rossi and Deniz Uzun, cellist Christian Polt\u00e9ra, clarinetist Pascal Moragu\u00e8s, pianist Marianna Shirinyan, and the legendary North-American pianist Stephen Kovacevich.<\/p><p>The commitment to national excellence is a hallmark of the Festival, which will feature the Officium Ensemble choir, the DSCH Schostakovich Ensemble, as well as new musical projects, 100 Caminhos, and Juventus Ensemble, bringing together young and renowned Portuguese musicians. I cannot help but thank you for the tribute proposed to Ant\u00f3nio Victorino d'Almeida, - my father for those who do not know - with the Carta Branca concert, which celebrates his 70 years of artistic activity. I confess to have hesitated when I read the proposal, but as the programming is the sole responsibility and within the absolute freedom of Filipe Pinto Ribeiro, I considered that under no circumstance should I interfere in order not to set any precedent.<\/p><p>The Festival de M\u00fasica dos Capuchos occupies an undeniable place in the national cultural panorama, while at the same time not hesitating to extend its program throughout the municipality, calling this territory of many and all who live here and visit to take part in this cultural ritual.<\/p><p>A special thanks to Filipe Pinto-Ribeiro, who is responsible for constructing the Festival and the Artistic Direction and to Companhia de Teatro de Almada, which this year joins the team, as well as to the municipal cultural services that make this great dream possible.<\/p><p>A heartfelt thank you, as well, to the main sponsor and partner of the event, the BPI Foundation\/La Caixa, for continuing to invest in promoting Portuguese music and artists.<\/p><h5>In\u00eas de Medeiros<\/h5><p><em>Mayor of Almada<\/em><\/p>\t\t\t\t\t\t\t\t<\/div>\n\t\t\t\t<\/div>\n\t\t\t\t\t<\/div>\n\t\t<\/div>\n\t\t\t\t<div class=\"elementor-column elementor-col-25 elementor-top-column elementor-element elementor-element-6e2d9bd0\" data-id=\"6e2d9bd0\" data-element_type=\"column\" data-e-type=\"column\">\n\t\t\t<div class=\"elementor-widget-wrap\">\n\t\t\t\t\t\t\t<\/div>\n\t\t<\/div>\n\t\t\t\t\t<\/div>\n\t\t<\/section>\n\t\t\t\t<\/div>","protected":false},"excerpt":{"rendered":"<p>IN\u00caS DE MEDEIROS Presidente da C\u00e2mara Municipal de Almada Imaginado em redor das esta\u00e7\u00f5es do ano, o Festival de M\u00fasica dos Capuchos 2023 coloca em di\u00e1logo compositores que, ao longo de mais de 4 s\u00e9culos, exploraram este conceito, de Vivaldi a Tchaikovsky, e de Piazzolla a Philip Glass. A partir destas esta\u00e7\u00f5es s\u00e3o invocados outros [&hellip;]<\/p>\n","protected":false},"author":5,"featured_media":0,"parent":0,"menu_order":0,"comment_status":"closed","ping_status":"closed","template":"","meta":{"_acf_changed":false,"ocean_post_layout":"","ocean_both_sidebars_style":"","ocean_both_sidebars_content_width":0,"ocean_both_sidebars_sidebars_width":0,"ocean_sidebar":"0","ocean_second_sidebar":"0","ocean_disable_margins":"enable","ocean_add_body_class":"","ocean_shortcode_before_top_bar":"","ocean_shortcode_after_top_bar":"","ocean_shortcode_before_header":"","ocean_shortcode_after_header":"","ocean_has_shortcode":"","ocean_shortcode_after_title":"","ocean_shortcode_before_footer_widgets":"","ocean_shortcode_after_footer_widgets":"","ocean_shortcode_before_footer_bottom":"","ocean_shortcode_after_footer_bottom":"","ocean_display_top_bar":"default","ocean_display_header":"default","ocean_header_style":"","ocean_center_header_left_menu":"0","ocean_custom_header_template":"0","ocean_custom_logo":0,"ocean_custom_retina_logo":0,"ocean_custom_logo_max_width":0,"ocean_custom_logo_tablet_max_width":0,"ocean_custom_logo_mobile_max_width":0,"ocean_custom_logo_max_height":0,"ocean_custom_logo_tablet_max_height":0,"ocean_custom_logo_mobile_max_height":0,"ocean_header_custom_menu":"0","ocean_menu_typo_font_family":"0","ocean_menu_typo_font_subset":"","ocean_menu_typo_font_size":0,"ocean_menu_typo_font_size_tablet":0,"ocean_menu_typo_font_size_mobile":0,"ocean_menu_typo_font_size_unit":"px","ocean_menu_typo_font_weight":"","ocean_menu_typo_font_weight_tablet":"","ocean_menu_typo_font_weight_mobile":"","ocean_menu_typo_transform":"","ocean_menu_typo_transform_tablet":"","ocean_menu_typo_transform_mobile":"","ocean_menu_typo_line_height":0,"ocean_menu_typo_line_height_tablet":0,"ocean_menu_typo_line_height_mobile":0,"ocean_menu_typo_line_height_unit":"","ocean_menu_typo_spacing":0,"ocean_menu_typo_spacing_tablet":0,"ocean_menu_typo_spacing_mobile":0,"ocean_menu_typo_spacing_unit":"","ocean_menu_link_color":"","ocean_menu_link_color_hover":"","ocean_menu_link_color_active":"","ocean_menu_link_background":"","ocean_menu_link_hover_background":"","ocean_menu_link_active_background":"","ocean_menu_social_links_bg":"","ocean_menu_social_hover_links_bg":"","ocean_menu_social_links_color":"","ocean_menu_social_hover_links_color":"","ocean_disable_title":"default","ocean_disable_heading":"default","ocean_post_title":"","ocean_post_subheading":"","ocean_post_title_style":"","ocean_post_title_background_color":"","ocean_post_title_background":0,"ocean_post_title_bg_image_position":"","ocean_post_title_bg_image_attachment":"","ocean_post_title_bg_image_repeat":"","ocean_post_title_bg_image_size":"","ocean_post_title_height":0,"ocean_post_title_bg_overlay":0.5,"ocean_post_title_bg_overlay_color":"","ocean_disable_breadcrumbs":"default","ocean_breadcrumbs_color":"","ocean_breadcrumbs_separator_color":"","ocean_breadcrumbs_links_color":"","ocean_breadcrumbs_links_hover_color":"","ocean_display_footer_widgets":"default","ocean_display_footer_bottom":"default","ocean_custom_footer_template":"0","footnotes":""},"class_list":["post-12399","page","type-page","status-publish","hentry","entry"],"acf":[],"aioseo_notices":[],"_links":{"self":[{"href":"https:\/\/festivalcapuchos.com\/en\/wp-json\/wp\/v2\/pages\/12399","targetHints":{"allow":["GET"]}}],"collection":[{"href":"https:\/\/festivalcapuchos.com\/en\/wp-json\/wp\/v2\/pages"}],"about":[{"href":"https:\/\/festivalcapuchos.com\/en\/wp-json\/wp\/v2\/types\/page"}],"author":[{"embeddable":true,"href":"https:\/\/festivalcapuchos.com\/en\/wp-json\/wp\/v2\/users\/5"}],"replies":[{"embeddable":true,"href":"https:\/\/festivalcapuchos.com\/en\/wp-json\/wp\/v2\/comments?post=12399"}],"version-history":[{"count":0,"href":"https:\/\/festivalcapuchos.com\/en\/wp-json\/wp\/v2\/pages\/12399\/revisions"}],"wp:attachment":[{"href":"https:\/\/festivalcapuchos.com\/en\/wp-json\/wp\/v2\/media?parent=12399"}],"curies":[{"name":"wp","href":"https:\/\/api.w.org\/{rel}","templated":true}]}}