{"id":16512,"date":"2025-03-09T10:58:42","date_gmt":"2025-03-09T10:58:42","guid":{"rendered":"https:\/\/festivalcapuchos.com\/?page_id=16512"},"modified":"2025-03-28T09:21:03","modified_gmt":"2025-03-28T09:21:03","slug":"conversas-dos-capuchos_2024","status":"publish","type":"page","link":"https:\/\/festivalcapuchos.com\/en\/conversas-dos-capuchos_2024\/","title":{"rendered":"Conversas dos Capuchos_2024"},"content":{"rendered":"<div data-elementor-type=\"wp-page\" data-elementor-id=\"16512\" class=\"elementor elementor-16512\" data-elementor-post-type=\"page\">\n\t\t\t\t\t\t<section class=\"elementor-section elementor-top-section elementor-element elementor-element-51f3094 elementor-section-boxed elementor-section-height-default elementor-section-height-default\" data-id=\"51f3094\" data-element_type=\"section\" data-e-type=\"section\" data-settings=\"{&quot;background_background&quot;:&quot;classic&quot;}\">\n\t\t\t\t\t\t<div class=\"elementor-container elementor-column-gap-default\">\n\t\t\t\t\t<div class=\"elementor-column elementor-col-100 elementor-top-column elementor-element elementor-element-bcb8676\" data-id=\"bcb8676\" data-element_type=\"column\" data-e-type=\"column\">\n\t\t\t<div class=\"elementor-widget-wrap elementor-element-populated\">\n\t\t\t\t\t\t<div class=\"elementor-element elementor-element-58c0703 elementor-widget elementor-widget-heading\" data-id=\"58c0703\" data-element_type=\"widget\" data-e-type=\"widget\" data-widget_type=\"heading.default\">\n\t\t\t\t<div class=\"elementor-widget-container\">\n\t\t\t\t\t<h2 class=\"elementor-heading-title elementor-size-default\">Edition 2024<\/h2>\t\t\t\t<\/div>\n\t\t\t\t<\/div>\n\t\t\t\t<div class=\"elementor-element elementor-element-17b9b9a elementor-widget elementor-widget-spacer\" data-id=\"17b9b9a\" data-element_type=\"widget\" data-e-type=\"widget\" data-widget_type=\"spacer.default\">\n\t\t\t\t<div class=\"elementor-widget-container\">\n\t\t\t\t\t\t\t<div class=\"elementor-spacer\">\n\t\t\t<div class=\"elementor-spacer-inner\"><\/div>\n\t\t<\/div>\n\t\t\t\t\t\t<\/div>\n\t\t\t\t<\/div>\n\t\t\t\t\t<\/div>\n\t\t<\/div>\n\t\t\t\t\t<\/div>\n\t\t<\/section>\n\t\t\t\t<section class=\"elementor-section elementor-top-section elementor-element elementor-element-0f391d4 elementor-section-boxed elementor-section-height-default elementor-section-height-default\" data-id=\"0f391d4\" data-element_type=\"section\" data-e-type=\"section\" data-settings=\"{&quot;background_background&quot;:&quot;classic&quot;}\">\n\t\t\t\t\t\t<div class=\"elementor-container elementor-column-gap-default\">\n\t\t\t\t\t<div class=\"elementor-column elementor-col-25 elementor-top-column elementor-element elementor-element-55a7169\" data-id=\"55a7169\" data-element_type=\"column\" data-e-type=\"column\">\n\t\t\t<div class=\"elementor-widget-wrap\">\n\t\t\t\t\t\t\t<\/div>\n\t\t<\/div>\n\t\t\t\t<div class=\"elementor-column elementor-col-50 elementor-top-column elementor-element elementor-element-008ba36\" data-id=\"008ba36\" data-element_type=\"column\" data-e-type=\"column\">\n\t\t\t<div class=\"elementor-widget-wrap elementor-element-populated\">\n\t\t\t\t\t\t<div class=\"elementor-element elementor-element-49360af elementor-widget elementor-widget-text-editor\" data-id=\"49360af\" data-element_type=\"widget\" data-e-type=\"widget\" data-widget_type=\"text-editor.default\">\n\t\t\t\t<div class=\"elementor-widget-container\">\n\t\t\t\t\t\t\t\t\t<h2><strong>CAPUCHOS TALKS<\/strong><\/h2><h4><span style=\"text-decoration: underline;\"><br \/>CONVENTO dos CAPUCHOS<\/span><\/h4>\t\t\t\t\t\t\t\t<\/div>\n\t\t\t\t<\/div>\n\t\t\t\t<div class=\"elementor-element elementor-element-4f9dbb7 elementor-widget elementor-widget-text-editor\" data-id=\"4f9dbb7\" data-element_type=\"widget\" data-e-type=\"widget\" data-widget_type=\"text-editor.default\">\n\t\t\t\t<div class=\"elementor-widget-container\">\n\t\t\t\t\t\t\t\t\t<p style=\"text-align: left;\">If there is one anniversary deserving special attention in 2024, it is undoubtedly the 500th anniversary of the birth of the greatest poet in the Portuguese language: Lu\u00eds Vaz de Cam\u00f5es. Portuguese identity was largely shaped in the ten Cantos of \u201cOs Lus\u00edadas\u201d. Even considering the changes in sensibility that have occurred since then, the \"wit and art\" of the Poet continue to make us identify him with the language in which we express ourselves, \"the language of Cam\u00f5es\".<br \/>Among the anniversaries to which we will dedicate one of the sessions of the Capuchos Talks this year, we have the centenary of the birth of Sebasti\u00e3o da Gama, poet of Arr\u00e1bida and precursor of an environmental sensitivity far ahead of his time.<br \/>2024 is also the year that marks the centenary of the death of one of the great visionaries of 20th-century literature. So much so that even those who have never read him are familiar with the adjective created from his unavoidable name and the work he left us: we all know the meaning of the word \"Kafkaesque\", derived from the name of Franz Kafka; perhaps there is no better tribute to a literary work than this implantation in common language.<br \/>Based on these three anniversaries, we will have three colloquial meetings, bringing together our curiosity as common readers with the knowledge of those who are familiar with the work of these three remarkable literary creators.\u00a0<\/p><p style=\"text-align: right;\" class=\"translation-block\"><em><strong>Carlos Vaz Marques<\/strong>\n<\/em><br>Curator of Capuchos Talks<\/p>\t\t\t\t\t\t\t\t<\/div>\n\t\t\t\t<\/div>\n\t\t\t\t\t<\/div>\n\t\t<\/div>\n\t\t\t\t<div class=\"elementor-column elementor-col-25 elementor-top-column elementor-element elementor-element-71af076\" data-id=\"71af076\" data-element_type=\"column\" data-e-type=\"column\">\n\t\t\t<div class=\"elementor-widget-wrap\">\n\t\t\t\t\t\t\t<\/div>\n\t\t<\/div>\n\t\t\t\t\t<\/div>\n\t\t<\/section>\n\t\t\t\t<section class=\"elementor-section elementor-top-section elementor-element elementor-element-1fb93492 elementor-section-boxed elementor-section-height-default elementor-section-height-default\" data-id=\"1fb93492\" data-element_type=\"section\" data-e-type=\"section\" data-settings=\"{&quot;background_background&quot;:&quot;classic&quot;}\">\n\t\t\t\t\t\t<div class=\"elementor-container elementor-column-gap-default\">\n\t\t\t\t\t<div class=\"elementor-column elementor-col-33 elementor-top-column elementor-element elementor-element-53dd81d7\" data-id=\"53dd81d7\" data-element_type=\"column\" data-e-type=\"column\">\n\t\t\t<div class=\"elementor-widget-wrap\">\n\t\t\t\t\t\t\t<\/div>\n\t\t<\/div>\n\t\t\t\t<div class=\"elementor-column elementor-col-33 elementor-top-column elementor-element elementor-element-71c4e3b8\" data-id=\"71c4e3b8\" data-element_type=\"column\" data-e-type=\"column\">\n\t\t\t<div class=\"elementor-widget-wrap\">\n\t\t\t\t\t\t\t<\/div>\n\t\t<\/div>\n\t\t\t\t<div class=\"elementor-column elementor-col-33 elementor-top-column elementor-element elementor-element-797cfcfc\" data-id=\"797cfcfc\" data-element_type=\"column\" data-e-type=\"column\">\n\t\t\t<div class=\"elementor-widget-wrap\">\n\t\t\t\t\t\t\t<\/div>\n\t\t<\/div>\n\t\t\t\t\t<\/div>\n\t\t<\/section>\n\t\t\t\t<section class=\"elementor-section elementor-top-section elementor-element elementor-element-6345375 elementor-section-boxed elementor-section-height-default elementor-section-height-default\" data-id=\"6345375\" data-element_type=\"section\" data-e-type=\"section\" data-settings=\"{&quot;background_background&quot;:&quot;classic&quot;}\">\n\t\t\t\t\t\t<div class=\"elementor-container elementor-column-gap-default\">\n\t\t\t\t\t<div class=\"elementor-column elementor-col-20 elementor-top-column elementor-element elementor-element-4333ceb\" data-id=\"4333ceb\" data-element_type=\"column\" data-e-type=\"column\">\n\t\t\t<div class=\"elementor-widget-wrap\">\n\t\t\t\t\t\t\t<\/div>\n\t\t<\/div>\n\t\t\t\t<div class=\"elementor-column elementor-col-20 elementor-top-column elementor-element elementor-element-f3f876c\" data-id=\"f3f876c\" data-element_type=\"column\" data-e-type=\"column\">\n\t\t\t<div class=\"elementor-widget-wrap elementor-element-populated\">\n\t\t\t\t\t\t<div class=\"elementor-element elementor-element-09e6b89 elementor-widget elementor-widget-image\" data-id=\"09e6b89\" data-element_type=\"widget\" data-e-type=\"widget\" data-widget_type=\"image.default\">\n\t\t\t\t<div class=\"elementor-widget-container\">\n\t\t\t\t\t\t\t\t\t\t\t\t\t\t\t<img fetchpriority=\"high\" decoding=\"async\" width=\"740\" height=\"740\" src=\"https:\/\/festivalcapuchos.com\/wp-content\/uploads\/2024\/04\/kafka.jpg\" class=\"attachment-large size-large wp-image-14156\" alt=\"\" srcset=\"https:\/\/festivalcapuchos.com\/wp-content\/uploads\/2024\/04\/kafka.jpg 740w, https:\/\/festivalcapuchos.com\/wp-content\/uploads\/2024\/04\/kafka-300x300.jpg 300w, https:\/\/festivalcapuchos.com\/wp-content\/uploads\/2024\/04\/kafka-150x150.jpg 150w, https:\/\/festivalcapuchos.com\/wp-content\/uploads\/2024\/04\/kafka-12x12.jpg 12w, https:\/\/festivalcapuchos.com\/wp-content\/uploads\/2024\/04\/kafka-600x600.jpg 600w\" sizes=\"(max-width: 740px) 100vw, 740px\" \/>\t\t\t\t\t\t\t\t\t\t\t\t\t\t\t<\/div>\n\t\t\t\t<\/div>\n\t\t\t\t<div class=\"elementor-element elementor-element-d5cc7c9 elementor-widget elementor-widget-text-editor\" data-id=\"d5cc7c9\" data-element_type=\"widget\" data-e-type=\"widget\" data-settings=\"{&quot;_animation&quot;:&quot;none&quot;}\" data-widget_type=\"text-editor.default\">\n\t\t\t\t<div class=\"elementor-widget-container\">\n\t\t\t\t\t\t\t\t\t<h2>1 JUNHO S\u00c1BADO<\/h2><h5>6:00 pm<\/h5><h4><strong>Capuchos's Talk 1<\/strong><\/h4><div><b><i><span lang=\"PT\">The Startle of an Adjective<\/span><\/i><\/b><\/div><p><b><i><br \/><\/i><\/b>on the centenary of death of<strong>\u00a0Franz Kafka<\/strong><\/p><p>with\u00a0<strong>Carlos Vaz Marques, Nuno Amado<\/strong>\u00a0and\u00a0<strong>Jos\u00e9 Gardeazabal<\/strong><\/p>\t\t\t\t\t\t\t\t<\/div>\n\t\t\t\t<\/div>\n\t\t\t\t\t<\/div>\n\t\t<\/div>\n\t\t\t\t<div class=\"elementor-column elementor-col-20 elementor-top-column elementor-element elementor-element-901d802\" data-id=\"901d802\" data-element_type=\"column\" data-e-type=\"column\">\n\t\t\t<div class=\"elementor-widget-wrap elementor-element-populated\">\n\t\t\t\t\t\t<div class=\"elementor-element elementor-element-6774271 elementor-widget elementor-widget-image\" data-id=\"6774271\" data-element_type=\"widget\" data-e-type=\"widget\" data-widget_type=\"image.default\">\n\t\t\t\t<div class=\"elementor-widget-container\">\n\t\t\t\t\t\t\t\t\t\t\t\t\t\t\t<img decoding=\"async\" width=\"740\" height=\"740\" src=\"https:\/\/festivalcapuchos.com\/wp-content\/uploads\/2024\/04\/camoes.jpg\" class=\"attachment-large size-large wp-image-14154\" alt=\"\" srcset=\"https:\/\/festivalcapuchos.com\/wp-content\/uploads\/2024\/04\/camoes.jpg 740w, https:\/\/festivalcapuchos.com\/wp-content\/uploads\/2024\/04\/camoes-300x300.jpg 300w, https:\/\/festivalcapuchos.com\/wp-content\/uploads\/2024\/04\/camoes-150x150.jpg 150w, https:\/\/festivalcapuchos.com\/wp-content\/uploads\/2024\/04\/camoes-12x12.jpg 12w, https:\/\/festivalcapuchos.com\/wp-content\/uploads\/2024\/04\/camoes-600x600.jpg 600w\" sizes=\"(max-width: 740px) 100vw, 740px\" \/>\t\t\t\t\t\t\t\t\t\t\t\t\t\t\t<\/div>\n\t\t\t\t<\/div>\n\t\t\t\t<div class=\"elementor-element elementor-element-fd2a0e5 elementor-widget elementor-widget-text-editor\" data-id=\"fd2a0e5\" data-element_type=\"widget\" data-e-type=\"widget\" data-widget_type=\"text-editor.default\">\n\t\t\t\t<div class=\"elementor-widget-container\">\n\t\t\t\t\t\t\t\t\t<h2>09 JUNHO DOMINGO<\/h2><h5>6:00 pm<\/h5><h4><strong>Capuchos's Talk 2<\/strong><\/h4><p><b><i>The Wit and Art of Being Portuguese<\/i><\/b><\/p><p>on the fifth centenary of <strong>Lu\u00eds Vaz de Cam\u00f5es<\/strong><\/p><p>with<strong>\u00a0Carlos Vaz Marques, Jos\u00e9 Carlos Seabra Pereira\u00a0<\/strong>and<strong>\u00a0Maria Bochichio<\/strong><\/p>\t\t\t\t\t\t\t\t<\/div>\n\t\t\t\t<\/div>\n\t\t\t\t\t<\/div>\n\t\t<\/div>\n\t\t\t\t<div class=\"elementor-column elementor-col-20 elementor-top-column elementor-element elementor-element-f9f96dd\" data-id=\"f9f96dd\" data-element_type=\"column\" data-e-type=\"column\">\n\t\t\t<div class=\"elementor-widget-wrap elementor-element-populated\">\n\t\t\t\t\t\t<div class=\"elementor-element elementor-element-9fe720d elementor-widget elementor-widget-image\" data-id=\"9fe720d\" data-element_type=\"widget\" data-e-type=\"widget\" data-widget_type=\"image.default\">\n\t\t\t\t<div class=\"elementor-widget-container\">\n\t\t\t\t\t\t\t\t\t\t\t\t\t\t\t<img decoding=\"async\" width=\"740\" height=\"740\" src=\"https:\/\/festivalcapuchos.com\/wp-content\/uploads\/2024\/04\/seb.gama_-1.jpg\" class=\"attachment-large size-large wp-image-14153\" alt=\"\" srcset=\"https:\/\/festivalcapuchos.com\/wp-content\/uploads\/2024\/04\/seb.gama_-1.jpg 740w, https:\/\/festivalcapuchos.com\/wp-content\/uploads\/2024\/04\/seb.gama_-1-300x300.jpg 300w, https:\/\/festivalcapuchos.com\/wp-content\/uploads\/2024\/04\/seb.gama_-1-150x150.jpg 150w, https:\/\/festivalcapuchos.com\/wp-content\/uploads\/2024\/04\/seb.gama_-1-12x12.jpg 12w, https:\/\/festivalcapuchos.com\/wp-content\/uploads\/2024\/04\/seb.gama_-1-600x600.jpg 600w\" sizes=\"(max-width: 740px) 100vw, 740px\" \/>\t\t\t\t\t\t\t\t\t\t\t\t\t\t\t<\/div>\n\t\t\t\t<\/div>\n\t\t\t\t<div class=\"elementor-element elementor-element-f4e1b70 elementor-widget elementor-widget-text-editor\" data-id=\"f4e1b70\" data-element_type=\"widget\" data-e-type=\"widget\" data-widget_type=\"text-editor.default\">\n\t\t\t\t<div class=\"elementor-widget-container\">\n\t\t\t\t\t\t\t\t\t<h2>15 JUNHO s\u00e1bado<\/h2><h5>6:00 pm<\/h5><h4><strong>Capuchos's Talk 3<\/strong><\/h4><p><b><i>The Poetic Spirit of Nature<\/i><\/b><\/p><p>on the centenary of birth of <strong>Sebasti\u00e3o da Gama<\/strong><\/p><p>with\u00a0<strong>Carlos Vaz Marques<\/strong>,\u00a0<strong>Viriato Soromenho-Marques<\/strong>\u00a0and\u00a0<strong>Alberto Manguel<\/strong><\/p>\t\t\t\t\t\t\t\t<\/div>\n\t\t\t\t<\/div>\n\t\t\t\t\t<\/div>\n\t\t<\/div>\n\t\t\t\t<div class=\"elementor-column elementor-col-20 elementor-top-column elementor-element elementor-element-20d7193\" data-id=\"20d7193\" data-element_type=\"column\" data-e-type=\"column\">\n\t\t\t<div class=\"elementor-widget-wrap\">\n\t\t\t\t\t\t\t<\/div>\n\t\t<\/div>\n\t\t\t\t\t<\/div>\n\t\t<\/section>\n\t\t\t\t<section class=\"elementor-section elementor-top-section elementor-element elementor-element-70968e2a elementor-section-boxed elementor-section-height-default elementor-section-height-default\" data-id=\"70968e2a\" data-element_type=\"section\" data-e-type=\"section\">\n\t\t\t\t\t\t<div class=\"elementor-container elementor-column-gap-default\">\n\t\t\t\t\t\t<\/div>\n\t\t<\/section>\n\t\t\t\t<section class=\"elementor-section elementor-top-section elementor-element elementor-element-739eeef9 elementor-section-boxed elementor-section-height-default elementor-section-height-default\" data-id=\"739eeef9\" data-element_type=\"section\" data-e-type=\"section\">\n\t\t\t\t\t\t<div class=\"elementor-container elementor-column-gap-default\">\n\t\t\t\t\t\t<\/div>\n\t\t<\/section>\n\t\t\t\t<section class=\"elementor-section elementor-top-section elementor-element elementor-element-62bdd5a8 elementor-section-boxed elementor-section-height-default elementor-section-height-default\" data-id=\"62bdd5a8\" data-element_type=\"section\" data-e-type=\"section\">\n\t\t\t\t\t\t<div class=\"elementor-container elementor-column-gap-default\">\n\t\t\t\t\t\t<\/div>\n\t\t<\/section>\n\t\t\t\t<\/div>","protected":false},"excerpt":{"rendered":"<p>Edi\u00e7\u00e3o 2024 CONVERSAS DOS CAPUCHOS CONVENTO dos CAPUCHOS Se h\u00e1 efem\u00e9ride a merecer aten\u00e7\u00e3o especial, em 2024, essa ser\u00e1 sem d\u00favida a dos 500 anos do nascimento do maior poeta de l\u00edngua portuguesa: Lu\u00eds Vaz de Cam\u00f5es. A identidade portuguesa foi em grande medida forjada nos dez Cantos de \u2018Os Lus\u00edadas\u2019. Mesmo tendo em conta [&hellip;]<\/p>\n","protected":false},"author":13,"featured_media":0,"parent":0,"menu_order":0,"comment_status":"closed","ping_status":"closed","template":"","meta":{"_acf_changed":false,"ocean_post_layout":"","ocean_both_sidebars_style":"","ocean_both_sidebars_content_width":0,"ocean_both_sidebars_sidebars_width":0,"ocean_sidebar":"0","ocean_second_sidebar":"0","ocean_disable_margins":"enable","ocean_add_body_class":"","ocean_shortcode_before_top_bar":"","ocean_shortcode_after_top_bar":"","ocean_shortcode_before_header":"","ocean_shortcode_after_header":"","ocean_has_shortcode":"","ocean_shortcode_after_title":"","ocean_shortcode_before_footer_widgets":"","ocean_shortcode_after_footer_widgets":"","ocean_shortcode_before_footer_bottom":"","ocean_shortcode_after_footer_bottom":"","ocean_display_top_bar":"default","ocean_display_header":"default","ocean_header_style":"","ocean_center_header_left_menu":"0","ocean_custom_header_template":"0","ocean_custom_logo":0,"ocean_custom_retina_logo":0,"ocean_custom_logo_max_width":0,"ocean_custom_logo_tablet_max_width":0,"ocean_custom_logo_mobile_max_width":0,"ocean_custom_logo_max_height":0,"ocean_custom_logo_tablet_max_height":0,"ocean_custom_logo_mobile_max_height":0,"ocean_header_custom_menu":"0","ocean_menu_typo_font_family":"0","ocean_menu_typo_font_subset":"","ocean_menu_typo_font_size":0,"ocean_menu_typo_font_size_tablet":0,"ocean_menu_typo_font_size_mobile":0,"ocean_menu_typo_font_size_unit":"px","ocean_menu_typo_font_weight":"","ocean_menu_typo_font_weight_tablet":"","ocean_menu_typo_font_weight_mobile":"","ocean_menu_typo_transform":"","ocean_menu_typo_transform_tablet":"","ocean_menu_typo_transform_mobile":"","ocean_menu_typo_line_height":0,"ocean_menu_typo_line_height_tablet":0,"ocean_menu_typo_line_height_mobile":0,"ocean_menu_typo_line_height_unit":"","ocean_menu_typo_spacing":0,"ocean_menu_typo_spacing_tablet":0,"ocean_menu_typo_spacing_mobile":0,"ocean_menu_typo_spacing_unit":"","ocean_menu_link_color":"","ocean_menu_link_color_hover":"","ocean_menu_link_color_active":"","ocean_menu_link_background":"","ocean_menu_link_hover_background":"","ocean_menu_link_active_background":"","ocean_menu_social_links_bg":"","ocean_menu_social_hover_links_bg":"","ocean_menu_social_links_color":"","ocean_menu_social_hover_links_color":"","ocean_disable_title":"default","ocean_disable_heading":"default","ocean_post_title":"","ocean_post_subheading":"","ocean_post_title_style":"","ocean_post_title_background_color":"","ocean_post_title_background":0,"ocean_post_title_bg_image_position":"","ocean_post_title_bg_image_attachment":"","ocean_post_title_bg_image_repeat":"","ocean_post_title_bg_image_size":"","ocean_post_title_height":0,"ocean_post_title_bg_overlay":0.5,"ocean_post_title_bg_overlay_color":"","ocean_disable_breadcrumbs":"default","ocean_breadcrumbs_color":"","ocean_breadcrumbs_separator_color":"","ocean_breadcrumbs_links_color":"","ocean_breadcrumbs_links_hover_color":"","ocean_display_footer_widgets":"default","ocean_display_footer_bottom":"default","ocean_custom_footer_template":"0","footnotes":""},"class_list":["post-16512","page","type-page","status-publish","hentry","entry"],"acf":[],"aioseo_notices":[],"_links":{"self":[{"href":"https:\/\/festivalcapuchos.com\/en\/wp-json\/wp\/v2\/pages\/16512","targetHints":{"allow":["GET"]}}],"collection":[{"href":"https:\/\/festivalcapuchos.com\/en\/wp-json\/wp\/v2\/pages"}],"about":[{"href":"https:\/\/festivalcapuchos.com\/en\/wp-json\/wp\/v2\/types\/page"}],"author":[{"embeddable":true,"href":"https:\/\/festivalcapuchos.com\/en\/wp-json\/wp\/v2\/users\/13"}],"replies":[{"embeddable":true,"href":"https:\/\/festivalcapuchos.com\/en\/wp-json\/wp\/v2\/comments?post=16512"}],"version-history":[{"count":10,"href":"https:\/\/festivalcapuchos.com\/en\/wp-json\/wp\/v2\/pages\/16512\/revisions"}],"predecessor-version":[{"id":16828,"href":"https:\/\/festivalcapuchos.com\/en\/wp-json\/wp\/v2\/pages\/16512\/revisions\/16828"}],"wp:attachment":[{"href":"https:\/\/festivalcapuchos.com\/en\/wp-json\/wp\/v2\/media?parent=16512"}],"curies":[{"name":"wp","href":"https:\/\/api.w.org\/{rel}","templated":true}]}}