{"id":6015,"date":"2023-03-13T23:35:27","date_gmt":"2023-03-13T23:35:27","guid":{"rendered":"https:\/\/festivalcapuchos.com\/?page_id=6015"},"modified":"2024-04-14T11:18:28","modified_gmt":"2024-04-14T10:18:28","slug":"calendario_2023","status":"publish","type":"page","link":"https:\/\/festivalcapuchos.com\/en\/o-festival\/calendario_2023\/","title":{"rendered":"Calendario_2023"},"content":{"rendered":"<div data-elementor-type=\"wp-page\" data-elementor-id=\"6015\" class=\"elementor elementor-6015\" data-elementor-post-type=\"page\">\n\t\t\t\t\t\t<section class=\"elementor-section elementor-top-section elementor-element elementor-element-20c1f602 elementor-section-boxed elementor-section-height-default elementor-section-height-default\" data-id=\"20c1f602\" data-element_type=\"section\" data-e-type=\"section\">\n\t\t\t\t\t\t<div class=\"elementor-container elementor-column-gap-default\">\n\t\t\t\t\t\t<\/div>\n\t\t<\/section>\n\t\t\t\t<section class=\"elementor-section elementor-top-section elementor-element elementor-element-23884a4 elementor-section-full_width elementor-section-height-default elementor-section-height-default\" data-id=\"23884a4\" data-element_type=\"section\" data-e-type=\"section\" data-settings=\"{&quot;background_background&quot;:&quot;classic&quot;}\">\n\t\t\t\t\t\t<div class=\"elementor-container elementor-column-gap-default\">\n\t\t\t\t\t<div class=\"elementor-column elementor-col-100 elementor-top-column elementor-element elementor-element-715b5f0\" data-id=\"715b5f0\" data-element_type=\"column\" data-e-type=\"column\">\n\t\t\t<div class=\"elementor-widget-wrap elementor-element-populated\">\n\t\t\t\t\t\t<div class=\"elementor-element elementor-element-880ba89 elementor-widget elementor-widget-heading\" data-id=\"880ba89\" data-element_type=\"widget\" data-e-type=\"widget\" data-widget_type=\"heading.default\">\n\t\t\t\t<div class=\"elementor-widget-container\">\n\t\t\t\t\t<h2 class=\"elementor-heading-title elementor-size-default\">2023 Edition<\/h2>\t\t\t\t<\/div>\n\t\t\t\t<\/div>\n\t\t\t\t<div class=\"elementor-element elementor-element-774f2bf elementor-widget elementor-widget-spacer\" data-id=\"774f2bf\" data-element_type=\"widget\" data-e-type=\"widget\" data-widget_type=\"spacer.default\">\n\t\t\t\t<div class=\"elementor-widget-container\">\n\t\t\t\t\t\t\t<div class=\"elementor-spacer\">\n\t\t\t<div class=\"elementor-spacer-inner\"><\/div>\n\t\t<\/div>\n\t\t\t\t\t\t<\/div>\n\t\t\t\t<\/div>\n\t\t\t\t\t<\/div>\n\t\t<\/div>\n\t\t\t\t\t<\/div>\n\t\t<\/section>\n\t\t\t\t<section class=\"elementor-section elementor-top-section elementor-element elementor-element-37249c6 elementor-section-boxed elementor-section-height-default elementor-section-height-default\" data-id=\"37249c6\" data-element_type=\"section\" data-e-type=\"section\" data-settings=\"{&quot;background_background&quot;:&quot;classic&quot;}\">\n\t\t\t\t\t\t<div class=\"elementor-container elementor-column-gap-no\">\n\t\t\t\t\t<div class=\"elementor-column elementor-col-100 elementor-top-column elementor-element elementor-element-3d0b42a\" data-id=\"3d0b42a\" data-element_type=\"column\" data-e-type=\"column\">\n\t\t\t<div class=\"elementor-widget-wrap elementor-element-populated\">\n\t\t\t\t\t\t<div class=\"elementor-element elementor-element-7ef7e3a elementor-widget elementor-widget-text-editor\" data-id=\"7ef7e3a\" data-element_type=\"widget\" data-e-type=\"widget\" data-widget_type=\"text-editor.default\">\n\t\t\t\t<div class=\"elementor-widget-container\">\n\t\t\t\t\t\t\t\t\t<h2><span style=\"text-decoration: underline;\">general schedule<\/span><\/h2><h3><strong>May 25<\/strong><\/h3><p>9:00pm |<strong><a href=\"https:\/\/festivalcapuchos.com\/en\/o_tempo_da_criacao\/\"> THE TIME OF CREATION<\/a> <br \/>Ravel, Debussy, Milhaud<\/strong><\/p><h3><strong>May 27<\/strong><\/h3><p>6:00pm | <strong><a href=\"https:\/\/festivalcapuchos.com\/en\/preludios-masterclasses-caminhada\/\">CAPUCHOS PRELUDE 1<\/a> <br \/><em>On the Four Seasons, from Vivaldi to the 21st Century<\/em><br \/><\/strong><\/p><p>9:00pm | <strong><a href=\"https:\/\/festivalcapuchos.com\/en\/concerto_abertura\/\">OPENING CONCERT<\/a> <br \/>Vivaldi Four Seasons<\/strong><\/p><h3><strong>May 28<\/strong><\/h3><p>5:00pm | <strong><a href=\"https:\/\/festivalcapuchos.com\/en\/conversas_capuchos\/\">TALK 1<\/a><br \/>M\u00e1rio Cesariny de Vasconcelos<br \/><\/strong><\/p><p>7:00 pm <strong>| <a href=\"https:\/\/festivalcapuchos.com\/en\/summertime\/\">VOICE AND PIANO RECITAL<\/a><br \/>Summertime<br \/><\/strong><\/p><h3><strong>June 03<\/strong><\/h3><p>10:00am | <strong><a href=\"https:\/\/festivalcapuchos.com\/en\/preludios-masterclasses-caminhada\/\">CAPUCHOS WALK<\/a><\/strong><\/p><p>6:00pm | <strong><a href=\"https:\/\/festivalcapuchos.com\/en\/preludios-masterclasses-caminhada\/\">CAPUCHOS PRELUDE 2<\/a> <br \/><em>about Astor Piazzolla and his Poet, Horacio Ferrer<\/em><br \/><\/strong><\/p><p>9:00 pm <strong>| <a href=\"https:\/\/festivalcapuchos.com\/en\/astor_piazzolla\/\">ASTOR PIAZZOLLA<\/a> <br \/>Four Seasons of Buenos Aires<br \/><\/strong><\/p><h3><strong>June 04<\/strong><\/h3><p>5:00pm | <strong><a href=\"https:\/\/festivalcapuchos.com\/en\/conversas_capuchos\/\">TALK 2<\/a><br \/>Nat\u00e1lia Correia<\/strong><em><strong><span class=\"Apple-converted-space\"><br \/><\/span><\/strong><\/em><\/p><p><span class=\"Apple-converted-space\">7:00 pm <\/span><strong><span class=\"Apple-converted-space\">| <a href=\"https:\/\/festivalcapuchos.com\/en\/o_tempo_dos_capuchos\/\">THE TIME OF CAPUCHOS<\/a><br \/>Masterpieces of the Renaissance<\/span><\/strong><em><strong><span class=\"Apple-converted-space\"><br \/><\/span><\/strong><\/em><\/p><h3><strong>June 10<\/strong><\/h3><p>9:00pm | <strong><a href=\"https:\/\/festivalcapuchos.com\/en\/recital_piano_shirinyan\/\">PIANO RECITAL<\/a> <br \/>Tchaikovsky Seasons and Chopin<\/strong><\/p><h3><strong>June 11<\/strong><\/h3><p>5:00pm | <strong><a href=\"https:\/\/festivalcapuchos.com\/en\/conversas_capuchos\/\">TALK 3<\/a><br \/>Eug\u00e9nio de Andrade<\/strong><em><strong><span class=\"Apple-converted-space\"><br \/><\/span><\/strong><\/em><\/p><p>7:00pm | <strong><a href=\"https:\/\/festivalcapuchos.com\/en\/juventus_ensemble_rui_lopes\/\">THE WINDS OF TIME 1<\/a><br \/>Juventus Ensemble &amp; Rui Lopes<span class=\"Apple-converted-space\"><br \/><\/span><\/strong><\/p><p><span class=\"Apple-converted-space\">9:00 pm <\/span><strong><span class=\"Apple-converted-space\">| <a href=\"https:\/\/festivalcapuchos.com\/en\/100_caminhos_joao_barradas\/\">THE WINDS OF TIME 2\u00a0<\/a><br \/>100 Caminhos &amp; Jo\u00e3o Barradas<em><br \/><\/em><\/span><\/strong><\/p><p><span class=\"Apple-converted-space\">11:00pm<\/span><strong><span class=\"Apple-converted-space\"> | <a href=\"https:\/\/festivalcapuchos.com\/en\/joao_barradas_solo\/\">THE JAZZ TIME<\/a> <br \/>Jo\u00e3o Barradas solo\u00a0<br \/><\/span><\/strong><\/p><h3><strong>June 13<\/strong><\/h3><p>9:00pm | <strong><a href=\"https:\/\/festivalcapuchos.com\/en\/homenagem_antonio_victorino_dalmeida\/\">TIME OF TRIBUTE 1<\/a><br \/>Carte Blanche to <br \/>Ant\u00f3nio Victorino d\u2019Almeida<\/strong><\/p><h3><strong>June 17<\/strong><\/h3><p>4:30pm | <a href=\"https:\/\/festivalcapuchos.com\/en\/preludios-masterclasses-caminhada\/\"><strong>CAPUCHOS VISIT<\/strong><\/a>\u00a0<br \/><strong>Cultural visit Cultural visit to the historical heritage of the <\/strong><br \/><strong>Monastery of the Capuchos by historian Rui Mendes<\/strong><\/p><p>9:00pm | <strong><a href=\"https:\/\/festivalcapuchos.com\/en\/recital_piano_kovacevich\/\">TIME OF TRIBUTE 2<\/a> <br \/>Piano recital by<br \/>Stephen Kovacevich<\/strong><\/p><h3><strong>June 18<\/strong><\/h3><p>4:00pm | <strong><a href=\"https:\/\/festivalcapuchos.com\/en\/preludios-masterclasses-caminhada\/\">CAPUCHOS PRELUDE  3<\/a><br \/><em>About Philip Glass <br \/>and minimalism<\/em><\/strong><em><strong><br \/><\/strong><\/em><\/p><p>6:00pm | <strong><a href=\"https:\/\/festivalcapuchos.com\/en\/concerto-de-encerramento\/\">CLOSING CONCERT<\/a><br \/>Four Seasons by Philip Glass<\/strong><em><strong><br \/><\/strong><\/em><\/p><h3><strong>June 22<\/strong><\/h3><p>9:00pm |<strong><a href=\"https:\/\/festivalcapuchos.com\/en\/posludio_capuchos\/\"> CAPUCHOS POSTLUDE<\/a><br \/>Quatuor pour <br \/>la Fin du Temps<\/strong><\/p><h3><strong>June 23<\/strong><\/h3><p>10:00am |<a href=\"https:\/\/festivalcapuchos.com\/en\/preludios-masterclasses-caminhada\/\"><strong> CAPUCHOS MASTERCLASSES<\/strong><\/a><\/p>\t\t\t\t\t\t\t\t<\/div>\n\t\t\t\t<\/div>\n\t\t\t\t\t<\/div>\n\t\t<\/div>\n\t\t\t\t\t<\/div>\n\t\t<\/section>\n\t\t\t\t<section class=\"elementor-section elementor-top-section elementor-element elementor-element-3bab8930 elementor-section-boxed elementor-section-height-default elementor-section-height-default\" data-id=\"3bab8930\" data-element_type=\"section\" data-e-type=\"section\">\n\t\t\t\t\t\t<div class=\"elementor-container elementor-column-gap-default\">\n\t\t\t\t\t\t<\/div>\n\t\t<\/section>\n\t\t\t\t<section class=\"elementor-section elementor-top-section elementor-element elementor-element-7c22d4d9 elementor-section-boxed elementor-section-height-default elementor-section-height-default\" data-id=\"7c22d4d9\" data-element_type=\"section\" data-e-type=\"section\">\n\t\t\t\t\t\t<div class=\"elementor-container elementor-column-gap-default\">\n\t\t\t\t\t\t<\/div>\n\t\t<\/section>\n\t\t\t\t<section class=\"elementor-section elementor-top-section elementor-element elementor-element-4ea02e6 elementor-section-boxed elementor-section-height-default elementor-section-height-default\" data-id=\"4ea02e6\" data-element_type=\"section\" data-e-type=\"section\" data-settings=\"{&quot;background_background&quot;:&quot;classic&quot;}\">\n\t\t\t\t\t\t<div class=\"elementor-container elementor-column-gap-default\">\n\t\t\t\t\t<div class=\"elementor-column elementor-col-100 elementor-top-column elementor-element elementor-element-0c6d82d\" data-id=\"0c6d82d\" data-element_type=\"column\" data-e-type=\"column\">\n\t\t\t<div class=\"elementor-widget-wrap elementor-element-populated\">\n\t\t\t\t\t\t<div class=\"elementor-element elementor-element-9c517fd elementor-widget elementor-widget-spacer\" data-id=\"9c517fd\" data-element_type=\"widget\" data-e-type=\"widget\" data-widget_type=\"spacer.default\">\n\t\t\t\t<div class=\"elementor-widget-container\">\n\t\t\t\t\t\t\t<div class=\"elementor-spacer\">\n\t\t\t<div class=\"elementor-spacer-inner\"><\/div>\n\t\t<\/div>\n\t\t\t\t\t\t<\/div>\n\t\t\t\t<\/div>\n\t\t\t\t\t<\/div>\n\t\t<\/div>\n\t\t\t\t\t<\/div>\n\t\t<\/section>\n\t\t\t\t<\/div>","protected":false},"excerpt":{"rendered":"<p>Edi\u00e7\u00e3o 2023 calend\u00e1rio geral 25 Maio 21h00 | O TEMPO DA CRIA\u00c7\u00c3O Ravel, Debussy, Milhaud 27 Maio 18h00 | PREL\u00daDIO DOS CAPUCHOS 1 Sobre as 4 Esta\u00e7\u00f5es, de Vivaldi ao\u00a0S\u00e9culo\u00a0XXI 21h00 | CONCERTO DE ABERTURA As Quatro Esta\u00e7\u00f5es de Vivaldi 28 Maio 17h00 | CONVERSA 1M\u00e1rio Cesariny de Vasconcelos 19h00 | RECITAL DE CANTO E [&hellip;]<\/p>\n","protected":false},"author":5,"featured_media":0,"parent":11,"menu_order":0,"comment_status":"closed","ping_status":"closed","template":"","meta":{"_acf_changed":false,"ocean_post_layout":"","ocean_both_sidebars_style":"","ocean_both_sidebars_content_width":0,"ocean_both_sidebars_sidebars_width":0,"ocean_sidebar":"0","ocean_second_sidebar":"0","ocean_disable_margins":"enable","ocean_add_body_class":"","ocean_shortcode_before_top_bar":"","ocean_shortcode_after_top_bar":"","ocean_shortcode_before_header":"","ocean_shortcode_after_header":"","ocean_has_shortcode":"","ocean_shortcode_after_title":"","ocean_shortcode_before_footer_widgets":"","ocean_shortcode_after_footer_widgets":"","ocean_shortcode_before_footer_bottom":"","ocean_shortcode_after_footer_bottom":"","ocean_display_top_bar":"default","ocean_display_header":"default","ocean_header_style":"","ocean_center_header_left_menu":"0","ocean_custom_header_template":"0","ocean_custom_logo":0,"ocean_custom_retina_logo":0,"ocean_custom_logo_max_width":0,"ocean_custom_logo_tablet_max_width":0,"ocean_custom_logo_mobile_max_width":0,"ocean_custom_logo_max_height":0,"ocean_custom_logo_tablet_max_height":0,"ocean_custom_logo_mobile_max_height":0,"ocean_header_custom_menu":"0","ocean_menu_typo_font_family":"0","ocean_menu_typo_font_subset":"","ocean_menu_typo_font_size":0,"ocean_menu_typo_font_size_tablet":0,"ocean_menu_typo_font_size_mobile":0,"ocean_menu_typo_font_size_unit":"px","ocean_menu_typo_font_weight":"","ocean_menu_typo_font_weight_tablet":"","ocean_menu_typo_font_weight_mobile":"","ocean_menu_typo_transform":"","ocean_menu_typo_transform_tablet":"","ocean_menu_typo_transform_mobile":"","ocean_menu_typo_line_height":0,"ocean_menu_typo_line_height_tablet":0,"ocean_menu_typo_line_height_mobile":0,"ocean_menu_typo_line_height_unit":"","ocean_menu_typo_spacing":0,"ocean_menu_typo_spacing_tablet":0,"ocean_menu_typo_spacing_mobile":0,"ocean_menu_typo_spacing_unit":"","ocean_menu_link_color":"","ocean_menu_link_color_hover":"","ocean_menu_link_color_active":"","ocean_menu_link_background":"","ocean_menu_link_hover_background":"","ocean_menu_link_active_background":"","ocean_menu_social_links_bg":"","ocean_menu_social_hover_links_bg":"","ocean_menu_social_links_color":"","ocean_menu_social_hover_links_color":"","ocean_disable_title":"default","ocean_disable_heading":"default","ocean_post_title":"","ocean_post_subheading":"","ocean_post_title_style":"","ocean_post_title_background_color":"","ocean_post_title_background":0,"ocean_post_title_bg_image_position":"","ocean_post_title_bg_image_attachment":"","ocean_post_title_bg_image_repeat":"","ocean_post_title_bg_image_size":"","ocean_post_title_height":0,"ocean_post_title_bg_overlay":0.5,"ocean_post_title_bg_overlay_color":"","ocean_disable_breadcrumbs":"default","ocean_breadcrumbs_color":"","ocean_breadcrumbs_separator_color":"","ocean_breadcrumbs_links_color":"","ocean_breadcrumbs_links_hover_color":"","ocean_display_footer_widgets":"default","ocean_display_footer_bottom":"default","ocean_custom_footer_template":"0","footnotes":""},"class_list":["post-6015","page","type-page","status-publish","hentry","entry"],"acf":[],"aioseo_notices":[],"_links":{"self":[{"href":"https:\/\/festivalcapuchos.com\/en\/wp-json\/wp\/v2\/pages\/6015","targetHints":{"allow":["GET"]}}],"collection":[{"href":"https:\/\/festivalcapuchos.com\/en\/wp-json\/wp\/v2\/pages"}],"about":[{"href":"https:\/\/festivalcapuchos.com\/en\/wp-json\/wp\/v2\/types\/page"}],"author":[{"embeddable":true,"href":"https:\/\/festivalcapuchos.com\/en\/wp-json\/wp\/v2\/users\/5"}],"replies":[{"embeddable":true,"href":"https:\/\/festivalcapuchos.com\/en\/wp-json\/wp\/v2\/comments?post=6015"}],"version-history":[{"count":3,"href":"https:\/\/festivalcapuchos.com\/en\/wp-json\/wp\/v2\/pages\/6015\/revisions"}],"predecessor-version":[{"id":15610,"href":"https:\/\/festivalcapuchos.com\/en\/wp-json\/wp\/v2\/pages\/6015\/revisions\/15610"}],"up":[{"embeddable":true,"href":"https:\/\/festivalcapuchos.com\/en\/wp-json\/wp\/v2\/pages\/11"}],"wp:attachment":[{"href":"https:\/\/festivalcapuchos.com\/en\/wp-json\/wp\/v2\/media?parent=6015"}],"curies":[{"name":"wp","href":"https:\/\/api.w.org\/{rel}","templated":true}]}}