{"id":11160,"date":"2023-03-14T23:05:13","date_gmt":"2023-03-14T23:05:13","guid":{"rendered":"https:\/\/festivalcapuchos.com\/?page_id=11160"},"modified":"2023-11-14T11:24:55","modified_gmt":"2023-11-14T11:24:55","slug":"olga-amaro","status":"publish","type":"page","link":"https:\/\/festivalcapuchos.com\/pt\/olga-amaro\/","title":{"rendered":"Olga Amaro"},"content":{"rendered":"\t\t<div data-elementor-type=\"wp-page\" data-elementor-id=\"11160\" class=\"elementor elementor-11160\" data-elementor-post-type=\"page\">\n\t\t\t\t\t\t<section class=\"elementor-section elementor-top-section elementor-element elementor-element-bdd1b5b elementor-section-boxed elementor-section-height-default elementor-section-height-default\" data-id=\"bdd1b5b\" data-element_type=\"section\" data-e-type=\"section\" data-settings=\"{&quot;background_background&quot;:&quot;classic&quot;}\">\n\t\t\t\t\t\t<div class=\"elementor-container elementor-column-gap-default\">\n\t\t\t\t\t<div class=\"elementor-column elementor-col-100 elementor-top-column elementor-element elementor-element-8d170b5\" data-id=\"8d170b5\" data-element_type=\"column\" data-e-type=\"column\">\n\t\t\t<div class=\"elementor-widget-wrap elementor-element-populated\">\n\t\t\t\t\t\t<div class=\"elementor-element elementor-element-8d9de96 elementor-widget elementor-widget-spacer\" data-id=\"8d9de96\" data-element_type=\"widget\" data-e-type=\"widget\" data-widget_type=\"spacer.default\">\n\t\t\t\t<div class=\"elementor-widget-container\">\n\t\t\t\t\t\t\t<div class=\"elementor-spacer\">\n\t\t\t<div class=\"elementor-spacer-inner\"><\/div>\n\t\t<\/div>\n\t\t\t\t\t\t<\/div>\n\t\t\t\t<\/div>\n\t\t\t\t\t<\/div>\n\t\t<\/div>\n\t\t\t\t\t<\/div>\n\t\t<\/section>\n\t\t\t\t<section class=\"elementor-section elementor-top-section elementor-element elementor-element-1373d133 elementor-section-boxed elementor-section-height-default elementor-section-height-default\" data-id=\"1373d133\" data-element_type=\"section\" data-e-type=\"section\" data-settings=\"{&quot;background_background&quot;:&quot;classic&quot;}\">\n\t\t\t\t\t\t<div class=\"elementor-container elementor-column-gap-default\">\n\t\t\t\t\t<div class=\"elementor-column elementor-col-25 elementor-top-column elementor-element elementor-element-55271631\" data-id=\"55271631\" data-element_type=\"column\" data-e-type=\"column\">\n\t\t\t<div class=\"elementor-widget-wrap\">\n\t\t\t\t\t\t\t<\/div>\n\t\t<\/div>\n\t\t\t\t<div class=\"elementor-column elementor-col-25 elementor-top-column elementor-element elementor-element-16e98852\" data-id=\"16e98852\" data-element_type=\"column\" data-e-type=\"column\">\n\t\t\t<div class=\"elementor-widget-wrap elementor-element-populated\">\n\t\t\t\t\t\t<div class=\"elementor-element elementor-element-5d835e94 elementor-widget elementor-widget-image\" data-id=\"5d835e94\" data-element_type=\"widget\" data-e-type=\"widget\" data-widget_type=\"image.default\">\n\t\t\t\t<div class=\"elementor-widget-container\">\n\t\t\t\t\t\t\t\t\t\t\t\t\t\t\t<img fetchpriority=\"high\" decoding=\"async\" width=\"522\" height=\"522\" src=\"https:\/\/festivalcapuchos.com\/wp-content\/uploads\/2023\/03\/bios-artistas33.jpg\" class=\"attachment-medium_large size-medium_large wp-image-10589\" alt=\"\" srcset=\"https:\/\/festivalcapuchos.com\/wp-content\/uploads\/2023\/03\/bios-artistas33.jpg 522w, https:\/\/festivalcapuchos.com\/wp-content\/uploads\/2023\/03\/bios-artistas33-300x300.jpg 300w, https:\/\/festivalcapuchos.com\/wp-content\/uploads\/2023\/03\/bios-artistas33-150x150.jpg 150w, https:\/\/festivalcapuchos.com\/wp-content\/uploads\/2023\/03\/bios-artistas33-12x12.jpg 12w\" sizes=\"(max-width: 522px) 100vw, 522px\" \/>\t\t\t\t\t\t\t\t\t\t\t\t\t\t\t<\/div>\n\t\t\t\t<\/div>\n\t\t\t\t\t<\/div>\n\t\t<\/div>\n\t\t\t\t<div class=\"elementor-column elementor-col-25 elementor-top-column elementor-element elementor-element-6acb1183\" data-id=\"6acb1183\" data-element_type=\"column\" data-e-type=\"column\">\n\t\t\t<div class=\"elementor-widget-wrap elementor-element-populated\">\n\t\t\t\t\t\t<div class=\"elementor-element elementor-element-17448321 elementor-drop-cap-yes elementor-drop-cap-view-default elementor-widget elementor-widget-text-editor\" data-id=\"17448321\" data-element_type=\"widget\" data-e-type=\"widget\" data-settings=\"{&quot;drop_cap&quot;:&quot;yes&quot;}\" data-widget_type=\"text-editor.default\">\n\t\t\t\t<div class=\"elementor-widget-container\">\n\t\t\t\t\t\t\t\t\t<p>Diplomada pela Universidade de Stellenbosch (\u00c1frica do Sul), Olga Amaro integrou<br \/>durante anos a classe da pianista Nina Schumann com quem concluiu em 2008 o grau<br \/>de Mestre em Piano Performance cum laude.<br \/>Ao longo do seu percurso musical foi aluna de Eug\u00e9nia Moura (Academia de M\u00fasica<br \/>Fernandes F\u00e3o) e Constantin Sandu (Escola Superior de M\u00fasica, Artes e Espet\u00e1culo do<br \/>Porto), formando-se paralelamente com m\u00fasicos como Helena S\u00e1 e Costa, Sequeira<br \/>Costa, Vladimir Viardo, Konstantin Sherbakov, Alexei Lubimov, entre outros.<br \/>Laureada com o 1\u00ba Pr\u00e9mio do Concurso Nacional Florinda Santos (1996, S. Jo\u00e3o da<br \/>Madeira) e o 1\u00ba Pr\u00e9mio na Categoria de Ensemble do ATKV-Muziq Competition (2005,<br \/>\u00c1frica do Sul), Olga Amaro foi tamb\u00e9m bolseira da Funda\u00e7\u00e3o Calouste Gulbenkian<br \/>(1997 a 2003) e recebeu o Pr\u00e9mio Lions Club e a Bolsa de M\u00e9rito do Instituto<br \/>Polit\u00e9cnico do Porto (2002). Em 2011 foi laureada com o Pr\u00e9mio de Melhor Pianista no<br \/>5\u00ba Concurso de Canto L\u00edrico da Funda\u00e7\u00e3o Rot\u00e1ria Portuguesa.<br \/>Apresenta-se regularmente como solista e m\u00fasico de c\u00e2mara, tendo j\u00e1 realizado concertos em Portugal, Espanha, Fran\u00e7a, Inglaterra, It\u00e1lia, Alemanha, Rom\u00e9nia, \u00c1frica do Sul, Mo\u00e7ambique e Col\u00f4mbia.<br \/>Da sua discografia fazem parte dois CD: \u201cCan\u00e7\u00f5es de Lem\u00faria\u201d com a soprano Marina<br \/>Pacheco (2013) e \u201cCan\u00e7\u00e3o\u201d com a soprano Lara Martins (2021).<br \/>Actualmente exerce fun\u00e7\u00f5es de pianista acompanhadora no Conservat\u00f3rio de M\u00fasica<br \/>do Porto e na ESMAE.<\/p>\t\t\t\t\t\t\t\t<\/div>\n\t\t\t\t<\/div>\n\t\t\t\t<div class=\"elementor-element elementor-element-2394957c elementor-widget elementor-widget-text-editor\" data-id=\"2394957c\" data-element_type=\"widget\" data-e-type=\"widget\" data-widget_type=\"text-editor.default\">\n\t\t\t\t<div class=\"elementor-widget-container\">\n\t\t\t\t\t\t\t\t\t<h5>\u00a0<\/h5><h5><b>13 JUNHO 21h00 &#8211; Convento dos Capuchos<\/b><\/h5><p><a href=\"https:\/\/festivalcapuchos.com\/homenagem_antonio_victorino_dalmeida\/\">O Tempo de Homenagem 1<\/a><br \/><b><i>Carta Branca a Ant\u00f3nio Victorino d&#8217;Almeida<\/i><\/b><\/p>\t\t\t\t\t\t\t\t<\/div>\n\t\t\t\t<\/div>\n\t\t\t\t\t<\/div>\n\t\t<\/div>\n\t\t\t\t<div class=\"elementor-column elementor-col-25 elementor-top-column elementor-element elementor-element-2488e853\" data-id=\"2488e853\" data-element_type=\"column\" data-e-type=\"column\">\n\t\t\t<div class=\"elementor-widget-wrap\">\n\t\t\t\t\t\t\t<\/div>\n\t\t<\/div>\n\t\t\t\t\t<\/div>\n\t\t<\/section>\n\t\t\t\t<section class=\"elementor-section elementor-top-section elementor-element elementor-element-5dac18c3 elementor-section-boxed elementor-section-height-default elementor-section-height-default\" data-id=\"5dac18c3\" data-element_type=\"section\" data-e-type=\"section\" data-settings=\"{&quot;background_background&quot;:&quot;classic&quot;}\">\n\t\t\t\t\t\t<div class=\"elementor-container elementor-column-gap-default\">\n\t\t\t\t\t<div class=\"elementor-column elementor-col-25 elementor-top-column elementor-element elementor-element-74c8afc3\" data-id=\"74c8afc3\" data-element_type=\"column\" data-e-type=\"column\">\n\t\t\t<div class=\"elementor-widget-wrap\">\n\t\t\t\t\t\t\t<\/div>\n\t\t<\/div>\n\t\t\t\t<div class=\"elementor-column elementor-col-25 elementor-top-column elementor-element elementor-element-56e81c3\" data-id=\"56e81c3\" data-element_type=\"column\" data-e-type=\"column\">\n\t\t\t<div class=\"elementor-widget-wrap elementor-element-populated\">\n\t\t\t\t\t\t<div class=\"elementor-element elementor-element-6b792403 elementor-align-center elementor-widget elementor-widget-button\" data-id=\"6b792403\" data-element_type=\"widget\" data-e-type=\"widget\" data-widget_type=\"button.default\">\n\t\t\t\t<div class=\"elementor-widget-container\">\n\t\t\t\t\t\t\t\t\t<div class=\"elementor-button-wrapper\">\n\t\t\t\t\t<a class=\"elementor-button elementor-button-link elementor-size-sm\" href=\"https:\/\/festivalcapuchos.com\/joana-moreira\/\">\n\t\t\t\t\t\t<span class=\"elementor-button-content-wrapper\">\n\t\t\t\t\t\t\t\t\t<span class=\"elementor-button-text\">ANTERIOR<\/span>\n\t\t\t\t\t<\/span>\n\t\t\t\t\t<\/a>\n\t\t\t\t<\/div>\n\t\t\t\t\t\t\t\t<\/div>\n\t\t\t\t<\/div>\n\t\t\t\t\t<\/div>\n\t\t<\/div>\n\t\t\t\t<div class=\"elementor-column elementor-col-25 elementor-top-column elementor-element elementor-element-180c27c7\" data-id=\"180c27c7\" data-element_type=\"column\" data-e-type=\"column\">\n\t\t\t<div class=\"elementor-widget-wrap elementor-element-populated\">\n\t\t\t\t\t\t<div class=\"elementor-element elementor-element-6dd4c6ab elementor-align-center elementor-widget elementor-widget-button\" data-id=\"6dd4c6ab\" data-element_type=\"widget\" data-e-type=\"widget\" data-widget_type=\"button.default\">\n\t\t\t\t<div class=\"elementor-widget-container\">\n\t\t\t\t\t\t\t\t\t<div class=\"elementor-button-wrapper\">\n\t\t\t\t\t<a class=\"elementor-button elementor-button-link elementor-size-sm\" href=\"https:\/\/festivalcapuchos.com\/stephen-kovacevich\/\">\n\t\t\t\t\t\t<span class=\"elementor-button-content-wrapper\">\n\t\t\t\t\t\t\t\t\t<span class=\"elementor-button-text\">SEGUINTE<\/span>\n\t\t\t\t\t<\/span>\n\t\t\t\t\t<\/a>\n\t\t\t\t<\/div>\n\t\t\t\t\t\t\t\t<\/div>\n\t\t\t\t<\/div>\n\t\t\t\t\t<\/div>\n\t\t<\/div>\n\t\t\t\t<div class=\"elementor-column elementor-col-25 elementor-top-column elementor-element elementor-element-25ec71aa\" data-id=\"25ec71aa\" data-element_type=\"column\" data-e-type=\"column\">\n\t\t\t<div class=\"elementor-widget-wrap\">\n\t\t\t\t\t\t\t<\/div>\n\t\t<\/div>\n\t\t\t\t\t<\/div>\n\t\t<\/section>\n\t\t\t\t<section class=\"elementor-section elementor-top-section elementor-element elementor-element-68a5202 elementor-section-boxed elementor-section-height-default elementor-section-height-default\" data-id=\"68a5202\" data-element_type=\"section\" data-e-type=\"section\" data-settings=\"{&quot;background_background&quot;:&quot;classic&quot;}\">\n\t\t\t\t\t\t<div class=\"elementor-container elementor-column-gap-default\">\n\t\t\t\t\t<div class=\"elementor-column elementor-col-100 elementor-top-column elementor-element elementor-element-02dff1f\" data-id=\"02dff1f\" data-element_type=\"column\" data-e-type=\"column\">\n\t\t\t<div class=\"elementor-widget-wrap elementor-element-populated\">\n\t\t\t\t\t\t<div class=\"elementor-element elementor-element-0f030b8 elementor-widget elementor-widget-spacer\" data-id=\"0f030b8\" data-element_type=\"widget\" data-e-type=\"widget\" data-widget_type=\"spacer.default\">\n\t\t\t\t<div class=\"elementor-widget-container\">\n\t\t\t\t\t\t\t<div class=\"elementor-spacer\">\n\t\t\t<div class=\"elementor-spacer-inner\"><\/div>\n\t\t<\/div>\n\t\t\t\t\t\t<\/div>\n\t\t\t\t<\/div>\n\t\t\t\t\t<\/div>\n\t\t<\/div>\n\t\t\t\t\t<\/div>\n\t\t<\/section>\n\t\t\t\t<\/div>\n\t\t","protected":false},"excerpt":{"rendered":"<p>Diplomada pela Universidade de Stellenbosch (\u00c1frica do Sul), Olga Amaro integroudurante anos a classe da pianista Nina Schumann com quem concluiu em 2008 o graude Mestre em Piano Performance cum laude.Ao longo do seu percurso musical foi aluna de Eug\u00e9nia Moura (Academia de M\u00fasicaFernandes F\u00e3o) e Constantin Sandu (Escola Superior de M\u00fasica, Artes e Espet\u00e1culo [&hellip;]<\/p>\n","protected":false},"author":5,"featured_media":0,"parent":0,"menu_order":0,"comment_status":"closed","ping_status":"closed","template":"","meta":{"_acf_changed":false,"ocean_post_layout":"","ocean_both_sidebars_style":"","ocean_both_sidebars_content_width":0,"ocean_both_sidebars_sidebars_width":0,"ocean_sidebar":"0","ocean_second_sidebar":"0","ocean_disable_margins":"enable","ocean_add_body_class":"","ocean_shortcode_before_top_bar":"","ocean_shortcode_after_top_bar":"","ocean_shortcode_before_header":"","ocean_shortcode_after_header":"","ocean_has_shortcode":"","ocean_shortcode_after_title":"","ocean_shortcode_before_footer_widgets":"","ocean_shortcode_after_footer_widgets":"","ocean_shortcode_before_footer_bottom":"","ocean_shortcode_after_footer_bottom":"","ocean_display_top_bar":"default","ocean_display_header":"default","ocean_header_style":"","ocean_center_header_left_menu":"0","ocean_custom_header_template":"0","ocean_custom_logo":0,"ocean_custom_retina_logo":0,"ocean_custom_logo_max_width":0,"ocean_custom_logo_tablet_max_width":0,"ocean_custom_logo_mobile_max_width":0,"ocean_custom_logo_max_height":0,"ocean_custom_logo_tablet_max_height":0,"ocean_custom_logo_mobile_max_height":0,"ocean_header_custom_menu":"0","ocean_menu_typo_font_family":"0","ocean_menu_typo_font_subset":"","ocean_menu_typo_font_size":0,"ocean_menu_typo_font_size_tablet":0,"ocean_menu_typo_font_size_mobile":0,"ocean_menu_typo_font_size_unit":"px","ocean_menu_typo_font_weight":"","ocean_menu_typo_font_weight_tablet":"","ocean_menu_typo_font_weight_mobile":"","ocean_menu_typo_transform":"","ocean_menu_typo_transform_tablet":"","ocean_menu_typo_transform_mobile":"","ocean_menu_typo_line_height":0,"ocean_menu_typo_line_height_tablet":0,"ocean_menu_typo_line_height_mobile":0,"ocean_menu_typo_line_height_unit":"","ocean_menu_typo_spacing":0,"ocean_menu_typo_spacing_tablet":0,"ocean_menu_typo_spacing_mobile":0,"ocean_menu_typo_spacing_unit":"","ocean_menu_link_color":"","ocean_menu_link_color_hover":"","ocean_menu_link_color_active":"","ocean_menu_link_background":"","ocean_menu_link_hover_background":"","ocean_menu_link_active_background":"","ocean_menu_social_links_bg":"","ocean_menu_social_hover_links_bg":"","ocean_menu_social_links_color":"","ocean_menu_social_hover_links_color":"","ocean_disable_title":"default","ocean_disable_heading":"default","ocean_post_title":"","ocean_post_subheading":"","ocean_post_title_style":"","ocean_post_title_background_color":"","ocean_post_title_background":0,"ocean_post_title_bg_image_position":"","ocean_post_title_bg_image_attachment":"","ocean_post_title_bg_image_repeat":"","ocean_post_title_bg_image_size":"","ocean_post_title_height":0,"ocean_post_title_bg_overlay":0.5,"ocean_post_title_bg_overlay_color":"","ocean_disable_breadcrumbs":"default","ocean_breadcrumbs_color":"","ocean_breadcrumbs_separator_color":"","ocean_breadcrumbs_links_color":"","ocean_breadcrumbs_links_hover_color":"","ocean_display_footer_widgets":"default","ocean_display_footer_bottom":"default","ocean_custom_footer_template":"0","footnotes":""},"class_list":["post-11160","page","type-page","status-publish","hentry","entry"],"acf":[],"aioseo_notices":[],"_links":{"self":[{"href":"https:\/\/festivalcapuchos.com\/pt\/wp-json\/wp\/v2\/pages\/11160","targetHints":{"allow":["GET"]}}],"collection":[{"href":"https:\/\/festivalcapuchos.com\/pt\/wp-json\/wp\/v2\/pages"}],"about":[{"href":"https:\/\/festivalcapuchos.com\/pt\/wp-json\/wp\/v2\/types\/page"}],"author":[{"embeddable":true,"href":"https:\/\/festivalcapuchos.com\/pt\/wp-json\/wp\/v2\/users\/5"}],"replies":[{"embeddable":true,"href":"https:\/\/festivalcapuchos.com\/pt\/wp-json\/wp\/v2\/comments?post=11160"}],"version-history":[{"count":0,"href":"https:\/\/festivalcapuchos.com\/pt\/wp-json\/wp\/v2\/pages\/11160\/revisions"}],"wp:attachment":[{"href":"https:\/\/festivalcapuchos.com\/pt\/wp-json\/wp\/v2\/media?parent=11160"}],"curies":[{"name":"wp","href":"https:\/\/api.w.org\/{rel}","templated":true}]}}