{"id":11167,"date":"2023-03-15T18:11:38","date_gmt":"2023-03-15T18:11:38","guid":{"rendered":"https:\/\/festivalcapuchos.com\/?page_id=11167"},"modified":"2023-11-14T11:25:34","modified_gmt":"2023-11-14T11:25:34","slug":"stephen-kovacevich","status":"publish","type":"page","link":"https:\/\/festivalcapuchos.com\/pt\/stephen-kovacevich\/","title":{"rendered":"Stephen Kovacevich"},"content":{"rendered":"\t\t<div data-elementor-type=\"wp-page\" data-elementor-id=\"11167\" class=\"elementor elementor-11167\" data-elementor-post-type=\"page\">\n\t\t\t\t\t\t<section class=\"elementor-section elementor-top-section elementor-element elementor-element-272dc92 elementor-section-boxed elementor-section-height-default elementor-section-height-default\" data-id=\"272dc92\" data-element_type=\"section\" data-e-type=\"section\" data-settings=\"{&quot;background_background&quot;:&quot;classic&quot;}\">\n\t\t\t\t\t\t<div class=\"elementor-container elementor-column-gap-default\">\n\t\t\t\t\t<div class=\"elementor-column elementor-col-100 elementor-top-column elementor-element elementor-element-ffe0f9e\" data-id=\"ffe0f9e\" data-element_type=\"column\" data-e-type=\"column\">\n\t\t\t<div class=\"elementor-widget-wrap elementor-element-populated\">\n\t\t\t\t\t\t<div class=\"elementor-element elementor-element-5d0a1f8 elementor-widget elementor-widget-spacer\" data-id=\"5d0a1f8\" data-element_type=\"widget\" data-e-type=\"widget\" data-widget_type=\"spacer.default\">\n\t\t\t\t<div class=\"elementor-widget-container\">\n\t\t\t\t\t\t\t<div class=\"elementor-spacer\">\n\t\t\t<div class=\"elementor-spacer-inner\"><\/div>\n\t\t<\/div>\n\t\t\t\t\t\t<\/div>\n\t\t\t\t<\/div>\n\t\t\t\t\t<\/div>\n\t\t<\/div>\n\t\t\t\t\t<\/div>\n\t\t<\/section>\n\t\t\t\t<section class=\"elementor-section elementor-top-section elementor-element elementor-element-271793c7 elementor-section-boxed elementor-section-height-default elementor-section-height-default\" data-id=\"271793c7\" data-element_type=\"section\" data-e-type=\"section\" data-settings=\"{&quot;background_background&quot;:&quot;classic&quot;}\">\n\t\t\t\t\t\t<div class=\"elementor-container elementor-column-gap-default\">\n\t\t\t\t\t<div class=\"elementor-column elementor-col-25 elementor-top-column elementor-element elementor-element-517c8c34\" data-id=\"517c8c34\" data-element_type=\"column\" data-e-type=\"column\">\n\t\t\t<div class=\"elementor-widget-wrap\">\n\t\t\t\t\t\t\t<\/div>\n\t\t<\/div>\n\t\t\t\t<div class=\"elementor-column elementor-col-25 elementor-top-column elementor-element elementor-element-390805a9\" data-id=\"390805a9\" data-element_type=\"column\" data-e-type=\"column\">\n\t\t\t<div class=\"elementor-widget-wrap elementor-element-populated\">\n\t\t\t\t\t\t<div class=\"elementor-element elementor-element-52c752d6 elementor-widget elementor-widget-image\" data-id=\"52c752d6\" data-element_type=\"widget\" data-e-type=\"widget\" data-widget_type=\"image.default\">\n\t\t\t\t<div class=\"elementor-widget-container\">\n\t\t\t\t\t\t\t\t\t\t\t\t\t\t\t<img fetchpriority=\"high\" decoding=\"async\" width=\"522\" height=\"522\" src=\"https:\/\/festivalcapuchos.com\/wp-content\/uploads\/2023\/03\/bios-artistas34.jpg\" class=\"attachment-medium_large size-medium_large wp-image-10590\" alt=\"\" srcset=\"https:\/\/festivalcapuchos.com\/wp-content\/uploads\/2023\/03\/bios-artistas34.jpg 522w, https:\/\/festivalcapuchos.com\/wp-content\/uploads\/2023\/03\/bios-artistas34-300x300.jpg 300w, https:\/\/festivalcapuchos.com\/wp-content\/uploads\/2023\/03\/bios-artistas34-150x150.jpg 150w, https:\/\/festivalcapuchos.com\/wp-content\/uploads\/2023\/03\/bios-artistas34-12x12.jpg 12w\" sizes=\"(max-width: 522px) 100vw, 522px\" \/>\t\t\t\t\t\t\t\t\t\t\t\t\t\t\t<\/div>\n\t\t\t\t<\/div>\n\t\t\t\t\t<\/div>\n\t\t<\/div>\n\t\t\t\t<div class=\"elementor-column elementor-col-25 elementor-top-column elementor-element elementor-element-37f973ce\" data-id=\"37f973ce\" data-element_type=\"column\" data-e-type=\"column\">\n\t\t\t<div class=\"elementor-widget-wrap elementor-element-populated\">\n\t\t\t\t\t\t<div class=\"elementor-element elementor-element-7452157b elementor-drop-cap-yes elementor-drop-cap-view-default elementor-widget elementor-widget-text-editor\" data-id=\"7452157b\" data-element_type=\"widget\" data-e-type=\"widget\" data-settings=\"{&quot;drop_cap&quot;:&quot;yes&quot;}\" data-widget_type=\"text-editor.default\">\n\t\t\t\t<div class=\"elementor-widget-container\">\n\t\t\t\t\t\t\t\t\t<p>O norte-americano Stephen Kovacevich \u00e9 um dos \u2018grands seigneurs\u2019 do piano do nosso tempo, com uma not\u00e1vel carreira ao longo de sete d\u00e9cadas. <br \/>Foi em 1961 que o ent\u00e3o Stephen Bishop (o apelido \u2018Kovacevich\u2019 s\u00f3 se imp\u00f4s no in\u00edcio da d\u00e9cada de 80), que aterrara em Londres em 1959 para estudar com Dame Myra Hess, fez a sua estreia europeia no Wigmore Hall (Londres), com obras de Bach, Beethoven e Berg. E foi uma sensa\u00e7\u00e3o! De repente, o jovem californiano de 20-21 anos entrava na elite dos pianistas do seu tempo, empreendendo uma carreira ao mais alto n\u00edvel e a\u00ed se mantendo por d\u00e9cadas. O seu repert\u00f3rio teria por centro de gravidade a tradi\u00e7\u00e3o germ\u00e2nica, de Bach a Berg, com especial relevo \u00e0s figuras de Beethoven, Schubert e Brahms. Mas tamb\u00e9m frequentou Chopin; e, nos modernistas (al\u00e9m de Berg), Bart\u00f3k e Stravinsky; e contempor\u00e2neos, como Richard Rodney Bennett ou Michael Tippett. <br \/>Kovacevich foi tamb\u00e9m por d\u00e9cadas um artista da Philips e para essa etiqueta gravou uma vasta discografia, com v\u00e1rias leituras que se tornaram refer\u00eancias (Mozart, Beethoven, Schubert, Brahms, Bart\u00f3k). <br \/>Nos anos 90, passou a gravar para a EMI e, mais recentemente, para a Onyx. <br \/>Em 2015, por ocasi\u00e3o do seu 75.\u00ba anivers\u00e1rio, a Decca fez uma edi\u00e7\u00e3o limitada, numa caixa com 25 CD, do seu esp\u00f3lio de grava\u00e7\u00f5es para a Philips. <br \/>Em m\u00fasica de c\u00e2mara tocou com Jacqueline Dupr\u00e9, Martha Argerich (foram casados nos anos 70) \u2013 com quem ainda toca \u2013, Josef Suk, Lynn Harrell, Truls M\u00f8rk, Emmanuel Pahud ou os irm\u00e3os Capu\u00e7on, entre outros. <br \/>Aos 82 anos, Stephen Kovacevich mant\u00e9m uma impressionante carreira internacional activa como recitalista e solista com orquestra.<\/p>\t\t\t\t\t\t\t\t<\/div>\n\t\t\t\t<\/div>\n\t\t\t\t<div class=\"elementor-element elementor-element-26966e3a elementor-widget elementor-widget-text-editor\" data-id=\"26966e3a\" data-element_type=\"widget\" data-e-type=\"widget\" data-widget_type=\"text-editor.default\">\n\t\t\t\t<div class=\"elementor-widget-container\">\n\t\t\t\t\t\t\t\t\t<h5>\u00a0<\/h5><h5><b>17 JUNHO 21h00 &#8211; Convento dos Capuchos<\/b><\/h5><p><a href=\"https:\/\/festivalcapuchos.com\/recital_piano_kovacevich\/\">O Tempo de Homenagem 2<\/a><br \/><b><i>Recital de piano de Stephen Kovacevich<\/i><\/b><\/p>\t\t\t\t\t\t\t\t<\/div>\n\t\t\t\t<\/div>\n\t\t\t\t\t<\/div>\n\t\t<\/div>\n\t\t\t\t<div class=\"elementor-column elementor-col-25 elementor-top-column elementor-element elementor-element-2fb47627\" data-id=\"2fb47627\" data-element_type=\"column\" data-e-type=\"column\">\n\t\t\t<div class=\"elementor-widget-wrap\">\n\t\t\t\t\t\t\t<\/div>\n\t\t<\/div>\n\t\t\t\t\t<\/div>\n\t\t<\/section>\n\t\t\t\t<section class=\"elementor-section elementor-top-section elementor-element elementor-element-6ec46ee4 elementor-section-boxed elementor-section-height-default elementor-section-height-default\" data-id=\"6ec46ee4\" data-element_type=\"section\" data-e-type=\"section\" data-settings=\"{&quot;background_background&quot;:&quot;classic&quot;}\">\n\t\t\t\t\t\t<div class=\"elementor-container elementor-column-gap-default\">\n\t\t\t\t\t<div class=\"elementor-column elementor-col-25 elementor-top-column elementor-element elementor-element-63b54f7c\" data-id=\"63b54f7c\" data-element_type=\"column\" data-e-type=\"column\">\n\t\t\t<div class=\"elementor-widget-wrap\">\n\t\t\t\t\t\t\t<\/div>\n\t\t<\/div>\n\t\t\t\t<div class=\"elementor-column elementor-col-25 elementor-top-column elementor-element elementor-element-19967798\" data-id=\"19967798\" data-element_type=\"column\" data-e-type=\"column\">\n\t\t\t<div class=\"elementor-widget-wrap elementor-element-populated\">\n\t\t\t\t\t\t<div class=\"elementor-element elementor-element-762c5597 elementor-align-center elementor-widget elementor-widget-button\" data-id=\"762c5597\" data-element_type=\"widget\" data-e-type=\"widget\" data-widget_type=\"button.default\">\n\t\t\t\t<div class=\"elementor-widget-container\">\n\t\t\t\t\t\t\t\t\t<div class=\"elementor-button-wrapper\">\n\t\t\t\t\t<a class=\"elementor-button elementor-button-link elementor-size-sm\" href=\"https:\/\/festivalcapuchos.com\/olga-amaro\/\">\n\t\t\t\t\t\t<span class=\"elementor-button-content-wrapper\">\n\t\t\t\t\t\t\t\t\t<span class=\"elementor-button-text\">ANTERIOR<\/span>\n\t\t\t\t\t<\/span>\n\t\t\t\t\t<\/a>\n\t\t\t\t<\/div>\n\t\t\t\t\t\t\t\t<\/div>\n\t\t\t\t<\/div>\n\t\t\t\t\t<\/div>\n\t\t<\/div>\n\t\t\t\t<div class=\"elementor-column elementor-col-25 elementor-top-column elementor-element elementor-element-4e7497f5\" data-id=\"4e7497f5\" data-element_type=\"column\" data-e-type=\"column\">\n\t\t\t<div class=\"elementor-widget-wrap elementor-element-populated\">\n\t\t\t\t\t\t<div class=\"elementor-element elementor-element-666d5063 elementor-align-center elementor-widget elementor-widget-button\" data-id=\"666d5063\" data-element_type=\"widget\" data-e-type=\"widget\" data-widget_type=\"button.default\">\n\t\t\t\t<div class=\"elementor-widget-container\">\n\t\t\t\t\t\t\t\t\t<div class=\"elementor-button-wrapper\">\n\t\t\t\t\t<a class=\"elementor-button elementor-button-link elementor-size-sm\" href=\"https:\/\/festivalcapuchos.com\/orquestra-franz-liszt\/\">\n\t\t\t\t\t\t<span class=\"elementor-button-content-wrapper\">\n\t\t\t\t\t\t\t\t\t<span class=\"elementor-button-text\">SEGUINTE<\/span>\n\t\t\t\t\t<\/span>\n\t\t\t\t\t<\/a>\n\t\t\t\t<\/div>\n\t\t\t\t\t\t\t\t<\/div>\n\t\t\t\t<\/div>\n\t\t\t\t\t<\/div>\n\t\t<\/div>\n\t\t\t\t<div class=\"elementor-column elementor-col-25 elementor-top-column elementor-element elementor-element-42233dc7\" data-id=\"42233dc7\" data-element_type=\"column\" data-e-type=\"column\">\n\t\t\t<div class=\"elementor-widget-wrap\">\n\t\t\t\t\t\t\t<\/div>\n\t\t<\/div>\n\t\t\t\t\t<\/div>\n\t\t<\/section>\n\t\t\t\t<section class=\"elementor-section elementor-top-section elementor-element elementor-element-f997bc1 elementor-section-boxed elementor-section-height-default elementor-section-height-default\" data-id=\"f997bc1\" data-element_type=\"section\" data-e-type=\"section\" data-settings=\"{&quot;background_background&quot;:&quot;classic&quot;}\">\n\t\t\t\t\t\t<div class=\"elementor-container elementor-column-gap-default\">\n\t\t\t\t\t<div class=\"elementor-column elementor-col-100 elementor-top-column elementor-element elementor-element-1971d85\" data-id=\"1971d85\" data-element_type=\"column\" data-e-type=\"column\">\n\t\t\t<div class=\"elementor-widget-wrap elementor-element-populated\">\n\t\t\t\t\t\t<div class=\"elementor-element elementor-element-f35c893 elementor-widget elementor-widget-spacer\" data-id=\"f35c893\" data-element_type=\"widget\" data-e-type=\"widget\" data-widget_type=\"spacer.default\">\n\t\t\t\t<div class=\"elementor-widget-container\">\n\t\t\t\t\t\t\t<div class=\"elementor-spacer\">\n\t\t\t<div class=\"elementor-spacer-inner\"><\/div>\n\t\t<\/div>\n\t\t\t\t\t\t<\/div>\n\t\t\t\t<\/div>\n\t\t\t\t\t<\/div>\n\t\t<\/div>\n\t\t\t\t\t<\/div>\n\t\t<\/section>\n\t\t\t\t<\/div>\n\t\t","protected":false},"excerpt":{"rendered":"<p>O norte-americano Stephen Kovacevich \u00e9 um dos \u2018grands seigneurs\u2019 do piano do nosso tempo, com uma not\u00e1vel carreira ao longo de sete d\u00e9cadas. Foi em 1961 que o ent\u00e3o Stephen Bishop (o apelido \u2018Kovacevich\u2019 s\u00f3 se imp\u00f4s no in\u00edcio da d\u00e9cada de 80), que aterrara em Londres em 1959 para estudar com Dame Myra Hess, [&hellip;]<\/p>\n","protected":false},"author":5,"featured_media":0,"parent":0,"menu_order":0,"comment_status":"closed","ping_status":"closed","template":"","meta":{"_acf_changed":false,"ocean_post_layout":"","ocean_both_sidebars_style":"","ocean_both_sidebars_content_width":0,"ocean_both_sidebars_sidebars_width":0,"ocean_sidebar":"0","ocean_second_sidebar":"0","ocean_disable_margins":"enable","ocean_add_body_class":"","ocean_shortcode_before_top_bar":"","ocean_shortcode_after_top_bar":"","ocean_shortcode_before_header":"","ocean_shortcode_after_header":"","ocean_has_shortcode":"","ocean_shortcode_after_title":"","ocean_shortcode_before_footer_widgets":"","ocean_shortcode_after_footer_widgets":"","ocean_shortcode_before_footer_bottom":"","ocean_shortcode_after_footer_bottom":"","ocean_display_top_bar":"default","ocean_display_header":"default","ocean_header_style":"","ocean_center_header_left_menu":"0","ocean_custom_header_template":"0","ocean_custom_logo":0,"ocean_custom_retina_logo":0,"ocean_custom_logo_max_width":0,"ocean_custom_logo_tablet_max_width":0,"ocean_custom_logo_mobile_max_width":0,"ocean_custom_logo_max_height":0,"ocean_custom_logo_tablet_max_height":0,"ocean_custom_logo_mobile_max_height":0,"ocean_header_custom_menu":"0","ocean_menu_typo_font_family":"0","ocean_menu_typo_font_subset":"","ocean_menu_typo_font_size":0,"ocean_menu_typo_font_size_tablet":0,"ocean_menu_typo_font_size_mobile":0,"ocean_menu_typo_font_size_unit":"px","ocean_menu_typo_font_weight":"","ocean_menu_typo_font_weight_tablet":"","ocean_menu_typo_font_weight_mobile":"","ocean_menu_typo_transform":"","ocean_menu_typo_transform_tablet":"","ocean_menu_typo_transform_mobile":"","ocean_menu_typo_line_height":0,"ocean_menu_typo_line_height_tablet":0,"ocean_menu_typo_line_height_mobile":0,"ocean_menu_typo_line_height_unit":"","ocean_menu_typo_spacing":0,"ocean_menu_typo_spacing_tablet":0,"ocean_menu_typo_spacing_mobile":0,"ocean_menu_typo_spacing_unit":"","ocean_menu_link_color":"","ocean_menu_link_color_hover":"","ocean_menu_link_color_active":"","ocean_menu_link_background":"","ocean_menu_link_hover_background":"","ocean_menu_link_active_background":"","ocean_menu_social_links_bg":"","ocean_menu_social_hover_links_bg":"","ocean_menu_social_links_color":"","ocean_menu_social_hover_links_color":"","ocean_disable_title":"default","ocean_disable_heading":"default","ocean_post_title":"","ocean_post_subheading":"","ocean_post_title_style":"","ocean_post_title_background_color":"","ocean_post_title_background":0,"ocean_post_title_bg_image_position":"","ocean_post_title_bg_image_attachment":"","ocean_post_title_bg_image_repeat":"","ocean_post_title_bg_image_size":"","ocean_post_title_height":0,"ocean_post_title_bg_overlay":0.5,"ocean_post_title_bg_overlay_color":"","ocean_disable_breadcrumbs":"default","ocean_breadcrumbs_color":"","ocean_breadcrumbs_separator_color":"","ocean_breadcrumbs_links_color":"","ocean_breadcrumbs_links_hover_color":"","ocean_display_footer_widgets":"default","ocean_display_footer_bottom":"default","ocean_custom_footer_template":"0","footnotes":""},"class_list":["post-11167","page","type-page","status-publish","hentry","entry"],"acf":[],"aioseo_notices":[],"_links":{"self":[{"href":"https:\/\/festivalcapuchos.com\/pt\/wp-json\/wp\/v2\/pages\/11167","targetHints":{"allow":["GET"]}}],"collection":[{"href":"https:\/\/festivalcapuchos.com\/pt\/wp-json\/wp\/v2\/pages"}],"about":[{"href":"https:\/\/festivalcapuchos.com\/pt\/wp-json\/wp\/v2\/types\/page"}],"author":[{"embeddable":true,"href":"https:\/\/festivalcapuchos.com\/pt\/wp-json\/wp\/v2\/users\/5"}],"replies":[{"embeddable":true,"href":"https:\/\/festivalcapuchos.com\/pt\/wp-json\/wp\/v2\/comments?post=11167"}],"version-history":[{"count":0,"href":"https:\/\/festivalcapuchos.com\/pt\/wp-json\/wp\/v2\/pages\/11167\/revisions"}],"wp:attachment":[{"href":"https:\/\/festivalcapuchos.com\/pt\/wp-json\/wp\/v2\/media?parent=11167"}],"curies":[{"name":"wp","href":"https:\/\/api.w.org\/{rel}","templated":true}]}}