{"id":12399,"date":"2023-05-16T11:16:18","date_gmt":"2023-05-16T10:16:18","guid":{"rendered":"https:\/\/festivalcapuchos.com\/?page_id=12399"},"modified":"2023-05-16T15:30:10","modified_gmt":"2023-05-16T14:30:10","slug":"ines-de-medeiros","status":"publish","type":"page","link":"https:\/\/festivalcapuchos.com\/pt\/ines-de-medeiros\/","title":{"rendered":"In\u00eas de Medeiros"},"content":{"rendered":"\t\t<div data-elementor-type=\"wp-page\" data-elementor-id=\"12399\" class=\"elementor elementor-12399\" data-elementor-post-type=\"page\">\n\t\t\t\t\t\t<section class=\"elementor-section elementor-top-section elementor-element elementor-element-48f01f95 elementor-section-boxed elementor-section-height-default elementor-section-height-default\" data-id=\"48f01f95\" data-element_type=\"section\" data-e-type=\"section\" data-settings=\"{&quot;background_background&quot;:&quot;classic&quot;}\">\n\t\t\t\t\t\t<div class=\"elementor-container elementor-column-gap-default\">\n\t\t\t\t\t<div class=\"elementor-column elementor-col-25 elementor-top-column elementor-element elementor-element-57cbba3b\" data-id=\"57cbba3b\" data-element_type=\"column\" data-e-type=\"column\">\n\t\t\t<div class=\"elementor-widget-wrap\">\n\t\t\t\t\t\t\t<\/div>\n\t\t<\/div>\n\t\t\t\t<div class=\"elementor-column elementor-col-25 elementor-top-column elementor-element elementor-element-3c539345\" data-id=\"3c539345\" data-element_type=\"column\" data-e-type=\"column\">\n\t\t\t<div class=\"elementor-widget-wrap elementor-element-populated\">\n\t\t\t\t\t\t<div class=\"elementor-element elementor-element-70171de elementor-widget elementor-widget-spacer\" data-id=\"70171de\" data-element_type=\"widget\" data-e-type=\"widget\" data-widget_type=\"spacer.default\">\n\t\t\t\t<div class=\"elementor-widget-container\">\n\t\t\t\t\t\t\t<div class=\"elementor-spacer\">\n\t\t\t<div class=\"elementor-spacer-inner\"><\/div>\n\t\t<\/div>\n\t\t\t\t\t\t<\/div>\n\t\t\t\t<\/div>\n\t\t\t\t<div class=\"elementor-element elementor-element-aa9ed51 elementor-widget elementor-widget-image\" data-id=\"aa9ed51\" data-element_type=\"widget\" data-e-type=\"widget\" data-widget_type=\"image.default\">\n\t\t\t\t<div class=\"elementor-widget-container\">\n\t\t\t\t\t\t\t\t\t\t\t\t\t\t\t<img fetchpriority=\"high\" decoding=\"async\" width=\"534\" height=\"534\" src=\"https:\/\/festivalcapuchos.com\/wp-content\/uploads\/2021\/05\/medeiros.png\" class=\"attachment-1536x1536 size-1536x1536 wp-image-3665\" alt=\"\" srcset=\"https:\/\/festivalcapuchos.com\/wp-content\/uploads\/2021\/05\/medeiros.png 534w, https:\/\/festivalcapuchos.com\/wp-content\/uploads\/2021\/05\/medeiros-300x300.png 300w, https:\/\/festivalcapuchos.com\/wp-content\/uploads\/2021\/05\/medeiros-150x150.png 150w\" sizes=\"(max-width: 534px) 100vw, 534px\" \/>\t\t\t\t\t\t\t\t\t\t\t\t\t\t\t<\/div>\n\t\t\t\t<\/div>\n\t\t\t\t\t<\/div>\n\t\t<\/div>\n\t\t\t\t<div class=\"elementor-column elementor-col-25 elementor-top-column elementor-element elementor-element-47bd8cb3\" data-id=\"47bd8cb3\" data-element_type=\"column\" data-e-type=\"column\">\n\t\t\t<div class=\"elementor-widget-wrap elementor-element-populated\">\n\t\t\t\t\t\t<div class=\"elementor-element elementor-element-0b5f117 elementor-widget elementor-widget-spacer\" data-id=\"0b5f117\" data-element_type=\"widget\" data-e-type=\"widget\" data-widget_type=\"spacer.default\">\n\t\t\t\t<div class=\"elementor-widget-container\">\n\t\t\t\t\t\t\t<div class=\"elementor-spacer\">\n\t\t\t<div class=\"elementor-spacer-inner\"><\/div>\n\t\t<\/div>\n\t\t\t\t\t\t<\/div>\n\t\t\t\t<\/div>\n\t\t\t\t<div class=\"elementor-element elementor-element-aea60b7 elementor-widget elementor-widget-text-editor\" data-id=\"aea60b7\" data-element_type=\"widget\" data-e-type=\"widget\" data-widget_type=\"text-editor.default\">\n\t\t\t\t<div class=\"elementor-widget-container\">\n\t\t\t\t\t\t\t\t\t<h2>IN\u00caS DE MEDEIROS<\/h2><h5>Presidente da C\u00e2mara Municipal de Almada<\/h5>\t\t\t\t\t\t\t\t<\/div>\n\t\t\t\t<\/div>\n\t\t\t\t<div class=\"elementor-element elementor-element-f7ed57a elementor-drop-cap-yes elementor-drop-cap-view-default elementor-widget elementor-widget-text-editor\" data-id=\"f7ed57a\" data-element_type=\"widget\" data-e-type=\"widget\" data-settings=\"{&quot;drop_cap&quot;:&quot;yes&quot;}\" data-widget_type=\"text-editor.default\">\n\t\t\t\t<div class=\"elementor-widget-container\">\n\t\t\t\t\t\t\t\t\t<p>Imaginado em redor das esta\u00e7\u00f5es do ano, o <strong>Festival de M\u00fasica dos Capuchos<\/strong> 2023 coloca em di\u00e1logo compositores que, ao longo de mais de 4 s\u00e9culos, exploraram este conceito, de Vivaldi a Tchaikovsky, e de Piazzolla a Philip Glass. A partir destas esta\u00e7\u00f5es s\u00e3o invocados outros artistas e outros tempos \u2013 hist\u00f3ricos, filos\u00f3ficos ou estivais. \u00c9 atrav\u00e9s da explora\u00e7\u00e3o desta rela\u00e7\u00e3o entre a passagem do tempo e a natureza \u2013 humana, divina, natural \u2013 no indissoci\u00e1vel cruzamento entre a forma e conte\u00fado, que a obra destes artistas se assume como um ritual cultural de contempla\u00e7\u00e3o e de descoberta.\u00a0<\/p><p>Ao longo das tr\u00eas \u00faltimas edi\u00e7\u00f5es, o Festival tamb\u00e9m se tem vindo a afirmar como um espa\u00e7o de partilha e de di\u00e1logo, onde a palavra escrita \u00e9 celebrada com a evoca\u00e7\u00e3o de grandes nomes da literatura. As Conversas dos Capuchos, com curadoria de Carlos Vaz Marques, dedicam esta edi\u00e7\u00e3o ao centen\u00e1rio dos nascimentos de M\u00e1rio Cesariny de Vasconcelos, Nat\u00e1lia Correia e Eug\u00e9nio de Andrade. Na procura de melhoria e diversifica\u00e7\u00e3o constante, este ano marcar\u00e1 tamb\u00e9m a estreia das Masterclasses dos Capuchos, orientadas por professores de refer\u00eancia internacional \u2013 conversas pr\u00e9-concertos denominadas Prel\u00fadios dos Capuchos, com modera\u00e7\u00e3o de Jo\u00e3o Almeida, e da Caminhada dos Capuchos, na Paisagem Protegida da Arriba F\u00f3ssil da Costa da Caparica.<\/p><p>Alargando a sua programa\u00e7\u00e3o para v\u00e1rios espa\u00e7os, nesta edi\u00e7\u00e3o haver\u00e1 concertos no Convento dos Capuchos e, de forma in\u00e9dita, 3 concertos no Teatro Municipal Joaquim Benite. Quanto aos artistas, o Festival volta a acolher conjuntos de refer\u00eancia e excel\u00eancia internacional, com particular destaque para a Orquestra Barroca de Veneza \u201cI Solisti Veneti\u201d, a Orquestra de C\u00e2mara de Budapeste \u201cFranz Liszt\u201d e o Quarteto Herm\u00e8s.\u00a0S\u00e3o tamb\u00e9m muitos os grandes solistas internacionais que v\u00e3o pisar os palcos do Festival, entre os quais se destacam os violinistas Mario Hossen, Jack Liebeck e Esther Hoppe, as cantoras Lena Belkina, Ana Karina Rossi e Deniz Uzun, o violoncelista Christian Polt\u00e9ra, o clarinetista Pascal Moragu\u00e8s, a pianista Marianna Shirinyan, e o lend\u00e1rio pianista norte-americano Stephen Kovacevich.<\/p><p>A aposta na excel\u00eancia nacional \u00e9 uma marca do Festival, que contar\u00e1 com a participa\u00e7\u00e3o do coro Officium Ensemble, o DSCH Schostakovich Ensemble, bem como novos projetos musicais, o 100 Caminhos e o Juventus Ensemble, que juntam jovens e consagrados m\u00fasicos portugueses. N\u00e3o posso deixar de agradecer a homenagem que prop\u00f5e a Ant\u00f3nio Victorino d\u2019Almeida, \u2013 meu pai para quem n\u00e3o saiba \u2013 com o concerto Carta Branca, que assinala os seus 70 anos de atividade art\u00edstica. Confesso que hesitei quando li a proposta, mas sendo a programa\u00e7\u00e3o da exclusiva responsabilidade e com total liberdade de Filipe Pinto-Ribeiro, considerei que em caso algum deveria interferir de modo a n\u00e3o abrir qualquer precedente.<\/p><p>O Festival de M\u00fasica dos Capuchos ocupa um espa\u00e7o ineg\u00e1vel no panorama cultural nacional ao mesmo tempo que n\u00e3o hesita em estender a sua programa\u00e7\u00e3o por todo o concelho, convocando este nosso territ\u00f3rio de muitos e todos os que aqui habitam e visitam a tomar parte neste ritual cultural.<\/p><p>Um agradecimento especial ao Filipe Pinto-Ribeiro, que tem a responsabilidade de construir o Festival e da Dire\u00e7\u00e3o Art\u00edstica e \u00e0 Companhia de Teatro de Almada, que este ano se junta a esta equipa, assim como aos servi\u00e7os culturais da C\u00e2mara Municipal que tornam este grande sonho poss\u00edvel.<\/p><p>Um agradecimento tamb\u00e9m sentido ao principal mecenas e parceiro do evento, a Funda\u00e7\u00e3o BPI\/La Caixa, por continuar a apostar na promo\u00e7\u00e3o da m\u00fasica e dos artistas portugueses.<\/p><h5>In\u00eas de Medeiros<\/h5><p><em>Presidente da C\u00e2mara Municipal de Almada<\/em><\/p>\t\t\t\t\t\t\t\t<\/div>\n\t\t\t\t<\/div>\n\t\t\t\t\t<\/div>\n\t\t<\/div>\n\t\t\t\t<div class=\"elementor-column elementor-col-25 elementor-top-column elementor-element elementor-element-6e2d9bd0\" data-id=\"6e2d9bd0\" data-element_type=\"column\" data-e-type=\"column\">\n\t\t\t<div class=\"elementor-widget-wrap\">\n\t\t\t\t\t\t\t<\/div>\n\t\t<\/div>\n\t\t\t\t\t<\/div>\n\t\t<\/section>\n\t\t\t\t<\/div>\n\t\t","protected":false},"excerpt":{"rendered":"<p>IN\u00caS DE MEDEIROS Presidente da C\u00e2mara Municipal de Almada Imaginado em redor das esta\u00e7\u00f5es do ano, o Festival de M\u00fasica dos Capuchos 2023 coloca em di\u00e1logo compositores que, ao longo de mais de 4 s\u00e9culos, exploraram este conceito, de Vivaldi a Tchaikovsky, e de Piazzolla a Philip Glass. A partir destas esta\u00e7\u00f5es s\u00e3o invocados outros [&hellip;]<\/p>\n","protected":false},"author":5,"featured_media":0,"parent":0,"menu_order":0,"comment_status":"closed","ping_status":"closed","template":"","meta":{"_acf_changed":false,"ocean_post_layout":"","ocean_both_sidebars_style":"","ocean_both_sidebars_content_width":0,"ocean_both_sidebars_sidebars_width":0,"ocean_sidebar":"0","ocean_second_sidebar":"0","ocean_disable_margins":"enable","ocean_add_body_class":"","ocean_shortcode_before_top_bar":"","ocean_shortcode_after_top_bar":"","ocean_shortcode_before_header":"","ocean_shortcode_after_header":"","ocean_has_shortcode":"","ocean_shortcode_after_title":"","ocean_shortcode_before_footer_widgets":"","ocean_shortcode_after_footer_widgets":"","ocean_shortcode_before_footer_bottom":"","ocean_shortcode_after_footer_bottom":"","ocean_display_top_bar":"default","ocean_display_header":"default","ocean_header_style":"","ocean_center_header_left_menu":"0","ocean_custom_header_template":"0","ocean_custom_logo":0,"ocean_custom_retina_logo":0,"ocean_custom_logo_max_width":0,"ocean_custom_logo_tablet_max_width":0,"ocean_custom_logo_mobile_max_width":0,"ocean_custom_logo_max_height":0,"ocean_custom_logo_tablet_max_height":0,"ocean_custom_logo_mobile_max_height":0,"ocean_header_custom_menu":"0","ocean_menu_typo_font_family":"0","ocean_menu_typo_font_subset":"","ocean_menu_typo_font_size":0,"ocean_menu_typo_font_size_tablet":0,"ocean_menu_typo_font_size_mobile":0,"ocean_menu_typo_font_size_unit":"px","ocean_menu_typo_font_weight":"","ocean_menu_typo_font_weight_tablet":"","ocean_menu_typo_font_weight_mobile":"","ocean_menu_typo_transform":"","ocean_menu_typo_transform_tablet":"","ocean_menu_typo_transform_mobile":"","ocean_menu_typo_line_height":0,"ocean_menu_typo_line_height_tablet":0,"ocean_menu_typo_line_height_mobile":0,"ocean_menu_typo_line_height_unit":"","ocean_menu_typo_spacing":0,"ocean_menu_typo_spacing_tablet":0,"ocean_menu_typo_spacing_mobile":0,"ocean_menu_typo_spacing_unit":"","ocean_menu_link_color":"","ocean_menu_link_color_hover":"","ocean_menu_link_color_active":"","ocean_menu_link_background":"","ocean_menu_link_hover_background":"","ocean_menu_link_active_background":"","ocean_menu_social_links_bg":"","ocean_menu_social_hover_links_bg":"","ocean_menu_social_links_color":"","ocean_menu_social_hover_links_color":"","ocean_disable_title":"default","ocean_disable_heading":"default","ocean_post_title":"","ocean_post_subheading":"","ocean_post_title_style":"","ocean_post_title_background_color":"","ocean_post_title_background":0,"ocean_post_title_bg_image_position":"","ocean_post_title_bg_image_attachment":"","ocean_post_title_bg_image_repeat":"","ocean_post_title_bg_image_size":"","ocean_post_title_height":0,"ocean_post_title_bg_overlay":0.5,"ocean_post_title_bg_overlay_color":"","ocean_disable_breadcrumbs":"default","ocean_breadcrumbs_color":"","ocean_breadcrumbs_separator_color":"","ocean_breadcrumbs_links_color":"","ocean_breadcrumbs_links_hover_color":"","ocean_display_footer_widgets":"default","ocean_display_footer_bottom":"default","ocean_custom_footer_template":"0","footnotes":""},"class_list":["post-12399","page","type-page","status-publish","hentry","entry"],"acf":[],"aioseo_notices":[],"_links":{"self":[{"href":"https:\/\/festivalcapuchos.com\/pt\/wp-json\/wp\/v2\/pages\/12399","targetHints":{"allow":["GET"]}}],"collection":[{"href":"https:\/\/festivalcapuchos.com\/pt\/wp-json\/wp\/v2\/pages"}],"about":[{"href":"https:\/\/festivalcapuchos.com\/pt\/wp-json\/wp\/v2\/types\/page"}],"author":[{"embeddable":true,"href":"https:\/\/festivalcapuchos.com\/pt\/wp-json\/wp\/v2\/users\/5"}],"replies":[{"embeddable":true,"href":"https:\/\/festivalcapuchos.com\/pt\/wp-json\/wp\/v2\/comments?post=12399"}],"version-history":[{"count":0,"href":"https:\/\/festivalcapuchos.com\/pt\/wp-json\/wp\/v2\/pages\/12399\/revisions"}],"wp:attachment":[{"href":"https:\/\/festivalcapuchos.com\/pt\/wp-json\/wp\/v2\/media?parent=12399"}],"curies":[{"name":"wp","href":"https:\/\/api.w.org\/{rel}","templated":true}]}}