{"id":16,"date":"2023-03-17T18:16:19","date_gmt":"2023-03-17T18:16:19","guid":{"rendered":"https:\/\/festivalcapuchos.com\/?page_id=16"},"modified":"2024-04-14T11:18:56","modified_gmt":"2024-04-14T10:18:56","slug":"conversas_capuchos_2023","status":"publish","type":"page","link":"https:\/\/festivalcapuchos.com\/pt\/conversas_capuchos_2023\/","title":{"rendered":"Conversas dos Capuchos_2023"},"content":{"rendered":"\t\t<div data-elementor-type=\"wp-page\" data-elementor-id=\"16\" class=\"elementor elementor-16\" data-elementor-post-type=\"page\">\n\t\t\t\t\t\t<section class=\"elementor-section elementor-top-section elementor-element elementor-element-51f3094 elementor-section-boxed elementor-section-height-default elementor-section-height-default\" data-id=\"51f3094\" data-element_type=\"section\" data-e-type=\"section\" data-settings=\"{&quot;background_background&quot;:&quot;classic&quot;}\">\n\t\t\t\t\t\t<div class=\"elementor-container elementor-column-gap-default\">\n\t\t\t\t\t<div class=\"elementor-column elementor-col-100 elementor-top-column elementor-element elementor-element-bcb8676\" data-id=\"bcb8676\" data-element_type=\"column\" data-e-type=\"column\">\n\t\t\t<div class=\"elementor-widget-wrap elementor-element-populated\">\n\t\t\t\t\t\t<div class=\"elementor-element elementor-element-58c0703 elementor-widget elementor-widget-heading\" data-id=\"58c0703\" data-element_type=\"widget\" data-e-type=\"widget\" data-widget_type=\"heading.default\">\n\t\t\t\t<div class=\"elementor-widget-container\">\n\t\t\t\t\t<h2 class=\"elementor-heading-title elementor-size-default\">Edi\u00e7\u00e3o 2023<\/h2>\t\t\t\t<\/div>\n\t\t\t\t<\/div>\n\t\t\t\t<div class=\"elementor-element elementor-element-17b9b9a elementor-widget elementor-widget-spacer\" data-id=\"17b9b9a\" data-element_type=\"widget\" data-e-type=\"widget\" data-widget_type=\"spacer.default\">\n\t\t\t\t<div class=\"elementor-widget-container\">\n\t\t\t\t\t\t\t<div class=\"elementor-spacer\">\n\t\t\t<div class=\"elementor-spacer-inner\"><\/div>\n\t\t<\/div>\n\t\t\t\t\t\t<\/div>\n\t\t\t\t<\/div>\n\t\t\t\t\t<\/div>\n\t\t<\/div>\n\t\t\t\t\t<\/div>\n\t\t<\/section>\n\t\t\t\t<section class=\"elementor-section elementor-top-section elementor-element elementor-element-0f391d4 elementor-section-boxed elementor-section-height-default elementor-section-height-default\" data-id=\"0f391d4\" data-element_type=\"section\" data-e-type=\"section\" data-settings=\"{&quot;background_background&quot;:&quot;classic&quot;}\">\n\t\t\t\t\t\t<div class=\"elementor-container elementor-column-gap-default\">\n\t\t\t\t\t<div class=\"elementor-column elementor-col-16 elementor-top-column elementor-element elementor-element-ece08ef\" data-id=\"ece08ef\" data-element_type=\"column\" data-e-type=\"column\">\n\t\t\t<div class=\"elementor-widget-wrap\">\n\t\t\t\t\t\t\t<\/div>\n\t\t<\/div>\n\t\t\t\t<div class=\"elementor-column elementor-col-66 elementor-top-column elementor-element elementor-element-8ae43b4\" data-id=\"8ae43b4\" data-element_type=\"column\" data-e-type=\"column\">\n\t\t\t<div class=\"elementor-widget-wrap elementor-element-populated\">\n\t\t\t\t\t\t<div class=\"elementor-element elementor-element-d1710f6 elementor-widget elementor-widget-text-editor\" data-id=\"d1710f6\" data-element_type=\"widget\" data-e-type=\"widget\" data-widget_type=\"text-editor.default\">\n\t\t\t\t<div class=\"elementor-widget-container\">\n\t\t\t\t\t\t\t\t\t<h2><strong>CONVERSAS DOS CAPUCHOS<\/strong><\/h2><h6><span style=\"text-decoration: underline;\">CONVENTO dos CAPUCHOS<\/span><\/h6><p>H\u00e1 cem anos, tal como hoje, o mundo vivia em convuls\u00e3o. A n\u00edvel nacional sucediam-se epis\u00f3dios de agita\u00e7\u00e3o pol\u00edtica e movimenta\u00e7\u00f5es grevistas. As ideologias radicais organizavam-se e ganhavam projec\u00e7\u00e3o. Nascia o jornal <em>O Comunista<\/em>, \u00f3rg\u00e3o oficial do rec\u00e9m-formado PCP. Publicava-se o primeiro n\u00famero da revista fascista <em>Ideia Nova<\/em>, impulsionada pela ascens\u00e3o ao poder em It\u00e1lia de Benito Mussolini. <br \/>\u00c9 sob este pano de fundo que nascem em Portugal tr\u00eas poetas not\u00e1veis, que viriam a tornar-se protagonistas incontorn\u00e1veis da cultura portuguesa do s\u00e9culo XX: <strong>M\u00e1rio Cesariny de Vasconcelos<\/strong>, <strong>Nat\u00e1lia Correia<\/strong> e <strong>Eug\u00e9nio de Andrade<\/strong>. Tr\u00eas grandes nomes que vamos homenagear nesta edi\u00e7\u00e3o de 2023 do <strong>Festival de M\u00fasica dos Capuchos<\/strong>. Damos assim continuidade, em tr\u00eas domingos consecutivos, \u00e0s j\u00e1 emblem\u00e1ticas <strong>Conversas dos Capuchos<\/strong>.<br \/>Interrogaremos o que h\u00e1 Entre n\u00f3s e as palavras na sess\u00e3o que juntar\u00e1 tr\u00eas conhecedores profundos da obra de Cesariny: o poeta e cr\u00edtico de arte <strong>Bernardo Pinto de Almeida<\/strong>, o escultor e editor <strong>Manuel Rosa<\/strong> e o ensa\u00edsta e professor universit\u00e1rio <strong>Ant\u00f3nio Feij\u00f3<\/strong>, actual Presidente do Conselho de Administra\u00e7\u00e3o da Funda\u00e7\u00e3o Gulbenkian. <br \/>Na segunda sess\u00e3o, dedicada a <strong>Nat\u00e1lia Correia<\/strong>, <em>A Voz da M\u00e1tria<\/em> ser\u00e1 evocada por uma amiga pr\u00f3xima, sua madrinha de casamento e sua testamenteira, a arquitecta <strong>Helena Roseta<\/strong>, e pela escritora <strong>Filipa Martins<\/strong>, autora da rec\u00e9m-publicada biografia de Nat\u00e1lia intitulada \u201cO Dever de Deslumbrar\u201d.<br \/>A \u00faltima das tr\u00eas Conversas dos Capuchos tem como protagonista <strong>Eug\u00e9nio de Andrade<\/strong> e as suas palavras \u2013 Um cristal, um punhal, um inc\u00eandio, orvalho apenas \u2013 e por\u00e1 em di\u00e1logo a poeta e professora universit\u00e1ria <strong>Golgona Anghel<\/strong> e o ensa\u00edsta <strong>Arnaldo Saraiva<\/strong>, que foi amigo pessoal de Eug\u00e9nio. <br \/>Tr\u00eas tardes de domingo, tr\u00eas conversas liter\u00e1rias, tr\u00eas homenagens a figuras marcantes da literatura portuguesa, no ano em que se assinala o centen\u00e1rio destes tr\u00eas vultos: <strong>M\u00e1rio de Cesariny<\/strong>, <strong>Nat\u00e1lia Correia<\/strong> e <strong>Eug\u00e9nio de Andrade<\/strong>.<\/p><p><em><strong>Carlos Vaz Marques<\/strong><\/em><br \/>Curador e moderador das Conversas dos Capuchos<\/p>\t\t\t\t\t\t\t\t<\/div>\n\t\t\t\t<\/div>\n\t\t\t\t\t<\/div>\n\t\t<\/div>\n\t\t\t\t<div class=\"elementor-column elementor-col-16 elementor-top-column elementor-element elementor-element-66a6a4c\" data-id=\"66a6a4c\" data-element_type=\"column\" data-e-type=\"column\">\n\t\t\t<div class=\"elementor-widget-wrap\">\n\t\t\t\t\t\t\t<\/div>\n\t\t<\/div>\n\t\t\t\t\t<\/div>\n\t\t<\/section>\n\t\t\t\t<section class=\"elementor-section elementor-top-section elementor-element elementor-element-1fb93492 elementor-section-boxed elementor-section-height-default elementor-section-height-default\" data-id=\"1fb93492\" data-element_type=\"section\" data-e-type=\"section\" data-settings=\"{&quot;background_background&quot;:&quot;classic&quot;}\">\n\t\t\t\t\t\t<div class=\"elementor-container elementor-column-gap-default\">\n\t\t\t\t\t<div class=\"elementor-column elementor-col-25 elementor-top-column elementor-element elementor-element-53dd81d7\" data-id=\"53dd81d7\" data-element_type=\"column\" data-e-type=\"column\">\n\t\t\t<div class=\"elementor-widget-wrap\">\n\t\t\t\t\t\t\t<\/div>\n\t\t<\/div>\n\t\t\t\t<div class=\"elementor-column elementor-col-50 elementor-top-column elementor-element elementor-element-71c4e3b8\" data-id=\"71c4e3b8\" data-element_type=\"column\" data-e-type=\"column\">\n\t\t\t<div class=\"elementor-widget-wrap\">\n\t\t\t\t\t\t\t<\/div>\n\t\t<\/div>\n\t\t\t\t<div class=\"elementor-column elementor-col-25 elementor-top-column elementor-element elementor-element-797cfcfc\" data-id=\"797cfcfc\" data-element_type=\"column\" data-e-type=\"column\">\n\t\t\t<div class=\"elementor-widget-wrap\">\n\t\t\t\t\t\t\t<\/div>\n\t\t<\/div>\n\t\t\t\t\t<\/div>\n\t\t<\/section>\n\t\t\t\t<section class=\"elementor-section elementor-top-section elementor-element elementor-element-6345375 elementor-section-boxed elementor-section-height-default elementor-section-height-default\" data-id=\"6345375\" data-element_type=\"section\" data-e-type=\"section\" data-settings=\"{&quot;background_background&quot;:&quot;classic&quot;}\">\n\t\t\t\t\t\t<div class=\"elementor-container elementor-column-gap-default\">\n\t\t\t\t\t<div class=\"elementor-column elementor-col-20 elementor-top-column elementor-element elementor-element-4333ceb\" data-id=\"4333ceb\" data-element_type=\"column\" data-e-type=\"column\">\n\t\t\t<div class=\"elementor-widget-wrap\">\n\t\t\t\t\t\t\t<\/div>\n\t\t<\/div>\n\t\t\t\t<div class=\"elementor-column elementor-col-20 elementor-top-column elementor-element elementor-element-f3f876c\" data-id=\"f3f876c\" data-element_type=\"column\" data-e-type=\"column\">\n\t\t\t<div class=\"elementor-widget-wrap elementor-element-populated\">\n\t\t\t\t\t\t<div class=\"elementor-element elementor-element-09e6b89 elementor-widget elementor-widget-image\" data-id=\"09e6b89\" data-element_type=\"widget\" data-e-type=\"widget\" data-widget_type=\"image.default\">\n\t\t\t\t<div class=\"elementor-widget-container\">\n\t\t\t\t\t\t\t\t\t\t\t\t\t\t\t<img fetchpriority=\"high\" decoding=\"async\" width=\"966\" height=\"966\" src=\"https:\/\/festivalcapuchos.com\/wp-content\/uploads\/2023\/03\/FMC_conversas.jpg\" class=\"attachment-large size-large wp-image-11593\" alt=\"\" srcset=\"https:\/\/festivalcapuchos.com\/wp-content\/uploads\/2023\/03\/FMC_conversas.jpg 966w, https:\/\/festivalcapuchos.com\/wp-content\/uploads\/2023\/03\/FMC_conversas-300x300.jpg 300w, https:\/\/festivalcapuchos.com\/wp-content\/uploads\/2023\/03\/FMC_conversas-150x150.jpg 150w, https:\/\/festivalcapuchos.com\/wp-content\/uploads\/2023\/03\/FMC_conversas-768x768.jpg 768w, https:\/\/festivalcapuchos.com\/wp-content\/uploads\/2023\/03\/FMC_conversas-12x12.jpg 12w, https:\/\/festivalcapuchos.com\/wp-content\/uploads\/2023\/03\/FMC_conversas-600x600.jpg 600w\" sizes=\"(max-width: 966px) 100vw, 966px\" \/>\t\t\t\t\t\t\t\t\t\t\t\t\t\t\t<\/div>\n\t\t\t\t<\/div>\n\t\t\t\t<div class=\"elementor-element elementor-element-d5cc7c9 elementor-widget elementor-widget-text-editor\" data-id=\"d5cc7c9\" data-element_type=\"widget\" data-e-type=\"widget\" data-settings=\"{&quot;_animation&quot;:&quot;none&quot;}\" data-widget_type=\"text-editor.default\">\n\t\t\t\t<div class=\"elementor-widget-container\">\n\t\t\t\t\t\t\t\t\t<h2>28 MAIO DOMINGO<\/h2><h5>17h00<\/h5><h4><strong>Conversa dos Capuchos 1<\/strong><\/h4><div><b><i><span lang=\"PT\">Entre n\u00f3s e as palavras<\/span><\/i><\/b><\/div><p><b><i><br \/><\/i><\/b>no centen\u00e1rio do nascimento de <strong>M\u00e1rio Cesariny de Vasconcelos<\/strong><\/p><p>Com <strong>Bernardo Pinto de Almeida<\/strong>, <strong>Manuel Rosa<\/strong> e <strong>Ant\u00f3nio Feij\u00f3<\/strong><br \/>Modera\u00e7\u00e3o de <strong>Carlos Vaz Marques<\/strong><\/p>\t\t\t\t\t\t\t\t<\/div>\n\t\t\t\t<\/div>\n\t\t\t\t\t<\/div>\n\t\t<\/div>\n\t\t\t\t<div class=\"elementor-column elementor-col-20 elementor-top-column elementor-element elementor-element-901d802\" data-id=\"901d802\" data-element_type=\"column\" data-e-type=\"column\">\n\t\t\t<div class=\"elementor-widget-wrap elementor-element-populated\">\n\t\t\t\t\t\t<div class=\"elementor-element elementor-element-6774271 elementor-widget elementor-widget-image\" data-id=\"6774271\" data-element_type=\"widget\" data-e-type=\"widget\" data-widget_type=\"image.default\">\n\t\t\t\t<div class=\"elementor-widget-container\">\n\t\t\t\t\t\t\t\t\t\t\t\t\t\t\t<img decoding=\"async\" width=\"966\" height=\"966\" src=\"https:\/\/festivalcapuchos.com\/wp-content\/uploads\/2023\/03\/FMC_conversas2.jpg\" class=\"attachment-large size-large wp-image-11594\" alt=\"\" srcset=\"https:\/\/festivalcapuchos.com\/wp-content\/uploads\/2023\/03\/FMC_conversas2.jpg 966w, https:\/\/festivalcapuchos.com\/wp-content\/uploads\/2023\/03\/FMC_conversas2-300x300.jpg 300w, https:\/\/festivalcapuchos.com\/wp-content\/uploads\/2023\/03\/FMC_conversas2-150x150.jpg 150w, https:\/\/festivalcapuchos.com\/wp-content\/uploads\/2023\/03\/FMC_conversas2-768x768.jpg 768w, https:\/\/festivalcapuchos.com\/wp-content\/uploads\/2023\/03\/FMC_conversas2-12x12.jpg 12w, https:\/\/festivalcapuchos.com\/wp-content\/uploads\/2023\/03\/FMC_conversas2-600x600.jpg 600w\" sizes=\"(max-width: 966px) 100vw, 966px\" \/>\t\t\t\t\t\t\t\t\t\t\t\t\t\t\t<\/div>\n\t\t\t\t<\/div>\n\t\t\t\t<div class=\"elementor-element elementor-element-fd2a0e5 elementor-widget elementor-widget-text-editor\" data-id=\"fd2a0e5\" data-element_type=\"widget\" data-e-type=\"widget\" data-widget_type=\"text-editor.default\">\n\t\t\t\t<div class=\"elementor-widget-container\">\n\t\t\t\t\t\t\t\t\t<h2>04 JUNHO DOMINGO<\/h2><h5>17h00<\/h5><h4><strong>Conversa dos Capuchos 2<\/strong><\/h4><p><b><i>A Voz da M\u00e1tria<\/i><\/b><\/p><p>no centen\u00e1rio do nascimento de <strong>Nat\u00e1lia Correia<\/strong><\/p><p>Com <strong>Helena Roseta<\/strong> e <strong>Filipa Martins<\/strong><br \/>Modera\u00e7\u00e3o de <strong>Carlos Vaz Marques<\/strong><\/p>\t\t\t\t\t\t\t\t<\/div>\n\t\t\t\t<\/div>\n\t\t\t\t\t<\/div>\n\t\t<\/div>\n\t\t\t\t<div class=\"elementor-column elementor-col-20 elementor-top-column elementor-element elementor-element-f9f96dd\" data-id=\"f9f96dd\" data-element_type=\"column\" data-e-type=\"column\">\n\t\t\t<div class=\"elementor-widget-wrap elementor-element-populated\">\n\t\t\t\t\t\t<div class=\"elementor-element elementor-element-9fe720d elementor-widget elementor-widget-image\" data-id=\"9fe720d\" data-element_type=\"widget\" data-e-type=\"widget\" data-widget_type=\"image.default\">\n\t\t\t\t<div class=\"elementor-widget-container\">\n\t\t\t\t\t\t\t\t\t\t\t\t\t\t\t<img decoding=\"async\" width=\"966\" height=\"966\" src=\"https:\/\/festivalcapuchos.com\/wp-content\/uploads\/2023\/03\/FMC_conversas3.jpg\" class=\"attachment-large size-large wp-image-11595\" alt=\"\" srcset=\"https:\/\/festivalcapuchos.com\/wp-content\/uploads\/2023\/03\/FMC_conversas3.jpg 966w, https:\/\/festivalcapuchos.com\/wp-content\/uploads\/2023\/03\/FMC_conversas3-300x300.jpg 300w, https:\/\/festivalcapuchos.com\/wp-content\/uploads\/2023\/03\/FMC_conversas3-150x150.jpg 150w, https:\/\/festivalcapuchos.com\/wp-content\/uploads\/2023\/03\/FMC_conversas3-768x768.jpg 768w, https:\/\/festivalcapuchos.com\/wp-content\/uploads\/2023\/03\/FMC_conversas3-12x12.jpg 12w, https:\/\/festivalcapuchos.com\/wp-content\/uploads\/2023\/03\/FMC_conversas3-600x600.jpg 600w\" sizes=\"(max-width: 966px) 100vw, 966px\" \/>\t\t\t\t\t\t\t\t\t\t\t\t\t\t\t<\/div>\n\t\t\t\t<\/div>\n\t\t\t\t<div class=\"elementor-element elementor-element-f4e1b70 elementor-widget elementor-widget-text-editor\" data-id=\"f4e1b70\" data-element_type=\"widget\" data-e-type=\"widget\" data-widget_type=\"text-editor.default\">\n\t\t\t\t<div class=\"elementor-widget-container\">\n\t\t\t\t\t\t\t\t\t<h2>11 JUNHO DOMINGO<\/h2><h5>17h00<\/h5><h4><strong>Conversa dos Capuchos 3<\/strong><\/h4><p><b><i>Um cristal, um punhal, um inc\u00eandio, orvalho apenas<\/i><\/b><\/p><p>no centen\u00e1rio do nascimento de <strong>Eug\u00e9nio de Andrade<\/strong><\/p><p>Com<strong> Golgona Anghel<\/strong> e <strong>Arnaldo Saraiva<\/strong>\u00a0<br \/>Modera\u00e7\u00e3o de <strong>Carlos Vaz Marques<\/strong><\/p>\t\t\t\t\t\t\t\t<\/div>\n\t\t\t\t<\/div>\n\t\t\t\t\t<\/div>\n\t\t<\/div>\n\t\t\t\t<div class=\"elementor-column elementor-col-20 elementor-top-column elementor-element elementor-element-20d7193\" data-id=\"20d7193\" data-element_type=\"column\" data-e-type=\"column\">\n\t\t\t<div class=\"elementor-widget-wrap\">\n\t\t\t\t\t\t\t<\/div>\n\t\t<\/div>\n\t\t\t\t\t<\/div>\n\t\t<\/section>\n\t\t\t\t<section class=\"elementor-section elementor-top-section elementor-element elementor-element-70968e2a elementor-section-boxed elementor-section-height-default elementor-section-height-default\" data-id=\"70968e2a\" data-element_type=\"section\" data-e-type=\"section\">\n\t\t\t\t\t\t<div class=\"elementor-container elementor-column-gap-default\">\n\t\t\t\t\t\t<\/div>\n\t\t<\/section>\n\t\t\t\t<section class=\"elementor-section elementor-top-section elementor-element elementor-element-739eeef9 elementor-section-boxed elementor-section-height-default elementor-section-height-default\" data-id=\"739eeef9\" data-element_type=\"section\" data-e-type=\"section\">\n\t\t\t\t\t\t<div class=\"elementor-container elementor-column-gap-default\">\n\t\t\t\t\t\t<\/div>\n\t\t<\/section>\n\t\t\t\t<section class=\"elementor-section elementor-top-section elementor-element elementor-element-62bdd5a8 elementor-section-boxed elementor-section-height-default elementor-section-height-default\" data-id=\"62bdd5a8\" data-element_type=\"section\" data-e-type=\"section\">\n\t\t\t\t\t\t<div class=\"elementor-container elementor-column-gap-default\">\n\t\t\t\t\t\t<\/div>\n\t\t<\/section>\n\t\t\t\t<\/div>\n\t\t","protected":false},"excerpt":{"rendered":"<p>Edi\u00e7\u00e3o 2023 CONVERSAS DOS CAPUCHOS CONVENTO dos CAPUCHOS H\u00e1 cem anos, tal como hoje, o mundo vivia em convuls\u00e3o. A n\u00edvel nacional sucediam-se epis\u00f3dios de agita\u00e7\u00e3o pol\u00edtica e movimenta\u00e7\u00f5es grevistas. As ideologias radicais organizavam-se e ganhavam projec\u00e7\u00e3o. Nascia o jornal O Comunista, \u00f3rg\u00e3o oficial do rec\u00e9m-formado PCP. Publicava-se o primeiro n\u00famero da revista fascista Ideia [&hellip;]<\/p>\n","protected":false},"author":5,"featured_media":0,"parent":0,"menu_order":0,"comment_status":"closed","ping_status":"closed","template":"","meta":{"_acf_changed":false,"ocean_post_layout":"","ocean_both_sidebars_style":"","ocean_both_sidebars_content_width":0,"ocean_both_sidebars_sidebars_width":0,"ocean_sidebar":"0","ocean_second_sidebar":"0","ocean_disable_margins":"enable","ocean_add_body_class":"","ocean_shortcode_before_top_bar":"","ocean_shortcode_after_top_bar":"","ocean_shortcode_before_header":"","ocean_shortcode_after_header":"","ocean_has_shortcode":"","ocean_shortcode_after_title":"","ocean_shortcode_before_footer_widgets":"","ocean_shortcode_after_footer_widgets":"","ocean_shortcode_before_footer_bottom":"","ocean_shortcode_after_footer_bottom":"","ocean_display_top_bar":"default","ocean_display_header":"default","ocean_header_style":"","ocean_center_header_left_menu":"0","ocean_custom_header_template":"0","ocean_custom_logo":0,"ocean_custom_retina_logo":0,"ocean_custom_logo_max_width":0,"ocean_custom_logo_tablet_max_width":0,"ocean_custom_logo_mobile_max_width":0,"ocean_custom_logo_max_height":0,"ocean_custom_logo_tablet_max_height":0,"ocean_custom_logo_mobile_max_height":0,"ocean_header_custom_menu":"0","ocean_menu_typo_font_family":"0","ocean_menu_typo_font_subset":"","ocean_menu_typo_font_size":0,"ocean_menu_typo_font_size_tablet":0,"ocean_menu_typo_font_size_mobile":0,"ocean_menu_typo_font_size_unit":"px","ocean_menu_typo_font_weight":"","ocean_menu_typo_font_weight_tablet":"","ocean_menu_typo_font_weight_mobile":"","ocean_menu_typo_transform":"","ocean_menu_typo_transform_tablet":"","ocean_menu_typo_transform_mobile":"","ocean_menu_typo_line_height":0,"ocean_menu_typo_line_height_tablet":0,"ocean_menu_typo_line_height_mobile":0,"ocean_menu_typo_line_height_unit":"","ocean_menu_typo_spacing":0,"ocean_menu_typo_spacing_tablet":0,"ocean_menu_typo_spacing_mobile":0,"ocean_menu_typo_spacing_unit":"","ocean_menu_link_color":"","ocean_menu_link_color_hover":"","ocean_menu_link_color_active":"","ocean_menu_link_background":"","ocean_menu_link_hover_background":"","ocean_menu_link_active_background":"","ocean_menu_social_links_bg":"","ocean_menu_social_hover_links_bg":"","ocean_menu_social_links_color":"","ocean_menu_social_hover_links_color":"","ocean_disable_title":"default","ocean_disable_heading":"default","ocean_post_title":"","ocean_post_subheading":"","ocean_post_title_style":"","ocean_post_title_background_color":"","ocean_post_title_background":0,"ocean_post_title_bg_image_position":"","ocean_post_title_bg_image_attachment":"","ocean_post_title_bg_image_repeat":"","ocean_post_title_bg_image_size":"","ocean_post_title_height":0,"ocean_post_title_bg_overlay":0.5,"ocean_post_title_bg_overlay_color":"","ocean_disable_breadcrumbs":"default","ocean_breadcrumbs_color":"","ocean_breadcrumbs_separator_color":"","ocean_breadcrumbs_links_color":"","ocean_breadcrumbs_links_hover_color":"","ocean_display_footer_widgets":"default","ocean_display_footer_bottom":"default","ocean_custom_footer_template":"0","footnotes":""},"class_list":["post-16","page","type-page","status-publish","hentry","entry"],"acf":[],"aioseo_notices":[],"_links":{"self":[{"href":"https:\/\/festivalcapuchos.com\/pt\/wp-json\/wp\/v2\/pages\/16","targetHints":{"allow":["GET"]}}],"collection":[{"href":"https:\/\/festivalcapuchos.com\/pt\/wp-json\/wp\/v2\/pages"}],"about":[{"href":"https:\/\/festivalcapuchos.com\/pt\/wp-json\/wp\/v2\/types\/page"}],"author":[{"embeddable":true,"href":"https:\/\/festivalcapuchos.com\/pt\/wp-json\/wp\/v2\/users\/5"}],"replies":[{"embeddable":true,"href":"https:\/\/festivalcapuchos.com\/pt\/wp-json\/wp\/v2\/comments?post=16"}],"version-history":[{"count":3,"href":"https:\/\/festivalcapuchos.com\/pt\/wp-json\/wp\/v2\/pages\/16\/revisions"}],"predecessor-version":[{"id":15613,"href":"https:\/\/festivalcapuchos.com\/pt\/wp-json\/wp\/v2\/pages\/16\/revisions\/15613"}],"wp:attachment":[{"href":"https:\/\/festivalcapuchos.com\/pt\/wp-json\/wp\/v2\/media?parent=16"}],"curies":[{"name":"wp","href":"https:\/\/api.w.org\/{rel}","templated":true}]}}