{"id":6369,"date":"2023-03-06T11:57:37","date_gmt":"2023-03-06T11:57:37","guid":{"rendered":"https:\/\/festivalcapuchos.com\/?page_id=6369"},"modified":"2024-04-03T19:20:29","modified_gmt":"2024-04-03T18:20:29","slug":"almada_2023","status":"publish","type":"page","link":"https:\/\/festivalcapuchos.com\/pt\/sobre_2023\/almada_2023\/","title":{"rendered":"Almada_2023"},"content":{"rendered":"\t\t<div data-elementor-type=\"wp-page\" data-elementor-id=\"6369\" class=\"elementor elementor-6369\" data-elementor-post-type=\"page\">\n\t\t\t\t\t\t<section class=\"elementor-section elementor-top-section elementor-element elementor-element-6686a817 elementor-section-boxed elementor-section-height-default elementor-section-height-default\" data-id=\"6686a817\" data-element_type=\"section\" data-e-type=\"section\">\n\t\t\t\t\t\t<div class=\"elementor-container elementor-column-gap-default\">\n\t\t\t\t\t\t<\/div>\n\t\t<\/section>\n\t\t\t\t<section class=\"elementor-section elementor-top-section elementor-element elementor-element-9780c8f elementor-section-boxed elementor-section-height-default elementor-section-height-default\" data-id=\"9780c8f\" data-element_type=\"section\" data-e-type=\"section\">\n\t\t\t\t\t\t<div class=\"elementor-container elementor-column-gap-default\">\n\t\t\t\t\t\t<\/div>\n\t\t<\/section>\n\t\t\t\t<section class=\"elementor-section elementor-top-section elementor-element elementor-element-5bb2d756 elementor-section-boxed elementor-section-height-default elementor-section-height-default\" data-id=\"5bb2d756\" data-element_type=\"section\" data-e-type=\"section\">\n\t\t\t\t\t\t<div class=\"elementor-container elementor-column-gap-default\">\n\t\t\t\t\t\t<\/div>\n\t\t<\/section>\n\t\t\t\t<section class=\"elementor-section elementor-top-section elementor-element elementor-element-69895ed elementor-section-boxed elementor-section-height-default elementor-section-height-default\" data-id=\"69895ed\" data-element_type=\"section\" data-e-type=\"section\">\n\t\t\t\t\t\t<div class=\"elementor-container elementor-column-gap-default\">\n\t\t\t\t\t\t<\/div>\n\t\t<\/section>\n\t\t\t\t<section class=\"elementor-section elementor-top-section elementor-element elementor-element-1a6efde1 elementor-section-boxed elementor-section-height-default elementor-section-height-default\" data-id=\"1a6efde1\" data-element_type=\"section\" data-e-type=\"section\" data-settings=\"{&quot;background_background&quot;:&quot;classic&quot;}\">\n\t\t\t\t\t\t<div class=\"elementor-container elementor-column-gap-default\">\n\t\t\t\t\t<div class=\"elementor-column elementor-col-16 elementor-top-column elementor-element elementor-element-2bd6d36c\" data-id=\"2bd6d36c\" data-element_type=\"column\" data-e-type=\"column\" data-settings=\"{&quot;background_background&quot;:&quot;classic&quot;}\">\n\t\t\t<div class=\"elementor-widget-wrap\">\n\t\t\t\t\t\t\t<\/div>\n\t\t<\/div>\n\t\t\t\t<div class=\"elementor-column elementor-col-66 elementor-top-column elementor-element elementor-element-15b27f35\" data-id=\"15b27f35\" data-element_type=\"column\" data-e-type=\"column\">\n\t\t\t<div class=\"elementor-widget-wrap elementor-element-populated\">\n\t\t\t\t\t\t<div class=\"elementor-element elementor-element-f4764c5 elementor-widget elementor-widget-spacer\" data-id=\"f4764c5\" data-element_type=\"widget\" data-e-type=\"widget\" data-widget_type=\"spacer.default\">\n\t\t\t\t<div class=\"elementor-widget-container\">\n\t\t\t\t\t\t\t<div class=\"elementor-spacer\">\n\t\t\t<div class=\"elementor-spacer-inner\"><\/div>\n\t\t<\/div>\n\t\t\t\t\t\t<\/div>\n\t\t\t\t<\/div>\n\t\t\t\t<div class=\"elementor-element elementor-element-6e1b8d6 elementor-widget elementor-widget-text-editor\" data-id=\"6e1b8d6\" data-element_type=\"widget\" data-e-type=\"widget\" data-widget_type=\"text-editor.default\">\n\t\t\t\t<div class=\"elementor-widget-container\">\n\t\t\t\t\t\t\t\t\t<h2>Almada<\/h2>\t\t\t\t\t\t\t\t<\/div>\n\t\t\t\t<\/div>\n\t\t\t\t<div class=\"elementor-element elementor-element-3469cfc3 elementor-widget elementor-widget-image\" data-id=\"3469cfc3\" data-element_type=\"widget\" data-e-type=\"widget\" data-widget_type=\"image.default\">\n\t\t\t\t<div class=\"elementor-widget-container\">\n\t\t\t\t\t\t\t\t\t\t\t\t\t\t\t<img fetchpriority=\"high\" decoding=\"async\" width=\"1024\" height=\"360\" src=\"https:\/\/festivalcapuchos.com\/wp-content\/uploads\/2021\/05\/Vista_de_Almada_by_Juntas_cropped-1024x360.jpg\" class=\"attachment-large size-large wp-image-2596\" alt=\"\" srcset=\"https:\/\/festivalcapuchos.com\/wp-content\/uploads\/2021\/05\/Vista_de_Almada_by_Juntas_cropped-1024x360.jpg 1024w, https:\/\/festivalcapuchos.com\/wp-content\/uploads\/2021\/05\/Vista_de_Almada_by_Juntas_cropped-300x105.jpg 300w, https:\/\/festivalcapuchos.com\/wp-content\/uploads\/2021\/05\/Vista_de_Almada_by_Juntas_cropped-768x270.jpg 768w, https:\/\/festivalcapuchos.com\/wp-content\/uploads\/2021\/05\/Vista_de_Almada_by_Juntas_cropped-1536x539.jpg 1536w, https:\/\/festivalcapuchos.com\/wp-content\/uploads\/2021\/05\/Vista_de_Almada_by_Juntas_cropped-2048x719.jpg 2048w\" sizes=\"(max-width: 1024px) 100vw, 1024px\" \/>\t\t\t\t\t\t\t\t\t\t\t\t\t\t\t<\/div>\n\t\t\t\t<\/div>\n\t\t\t\t<div class=\"elementor-element elementor-element-7330e16b elementor-drop-cap-yes elementor-drop-cap-view-default elementor-widget elementor-widget-text-editor\" data-id=\"7330e16b\" data-element_type=\"widget\" data-e-type=\"widget\" data-settings=\"{&quot;drop_cap&quot;:&quot;yes&quot;}\" data-widget_type=\"text-editor.default\">\n\t\t\t\t<div class=\"elementor-widget-container\">\n\t\t\t\t\t\t\t\t\t<p>A presen\u00e7a de Almada nos grandes momentos da Hist\u00f3ria de Portugal \u00e9 uma constante, de onde se destacam os cidad\u00e3os, factos e institui\u00e7\u00f5es que contribu\u00edram para o desenvolvimento deste concelho.<br \/>A proximidade do rio constituiu, desde sempre, um factor determinante para a fixa\u00e7\u00e3o de pessoas, desde a pr\u00e9-hist\u00f3ria at\u00e9 \u00e0 actualidade. A presen\u00e7a humana em Almada, top\u00f3nimo de raiz \u00e1rabe, remonta \u00e0 pr\u00e9-hist\u00f3ria. Por esta margem passaram os mais diversos povos que se sedentarizaram e aqui trocaram as suas experi\u00eancias e mercadorias.<br \/>No final do s\u00e9culo XIX Almada industrializa-se, com a actividade econ\u00f3mica centrada no sector corticeiro e nas ind\u00fastrias de moagem. A partir de 1940, a instala\u00e7\u00e3o de novas ind\u00fastrias motiva a explos\u00e3o demogr\u00e1fica. A d\u00e9cada de 60 fica marcada pela inaugura\u00e7\u00e3o da Ponte sobre o Rio Tejo e pela expans\u00e3o dos estaleiros navais da Lisnave.<br \/>No panorama art\u00edstico nacional, Almada distingue-se pela sua ampla rede de equipamentos culturais e pela din\u00e2mica das suas estruturas p\u00fablicas e privadas (colectividades, clubes, grupos e associa\u00e7\u00f5es).<br \/>Apostando na capacidade criativa da sociedade civil e na din\u00e2mica da iniciativa p\u00fablica para o crescimento da qualidade da oferta cultural, Almada assume a Cultura como um dos pilares de desenvolvimento do concelho, fazendo com que este seja hoje um espa\u00e7o de cria\u00e7\u00e3o cont\u00ednua onde a vida cultural se distingue pela projec\u00e7\u00e3o e reconhecimento alcan\u00e7ados ao n\u00edvel regional, nacional e internacional.<\/p>\t\t\t\t\t\t\t\t<\/div>\n\t\t\t\t<\/div>\n\t\t\t\t\t<\/div>\n\t\t<\/div>\n\t\t\t\t<div class=\"elementor-column elementor-col-16 elementor-top-column elementor-element elementor-element-59a3e37e\" data-id=\"59a3e37e\" data-element_type=\"column\" data-e-type=\"column\">\n\t\t\t<div class=\"elementor-widget-wrap\">\n\t\t\t\t\t\t\t<\/div>\n\t\t<\/div>\n\t\t\t\t\t<\/div>\n\t\t<\/section>\n\t\t\t\t<section class=\"elementor-section elementor-top-section elementor-element elementor-element-6c5ef139 elementor-section-boxed elementor-section-height-default elementor-section-height-default\" data-id=\"6c5ef139\" data-element_type=\"section\" data-e-type=\"section\">\n\t\t\t\t\t\t<div class=\"elementor-container elementor-column-gap-default\">\n\t\t\t\t\t\t<\/div>\n\t\t<\/section>\n\t\t\t\t<section class=\"elementor-section elementor-top-section elementor-element elementor-element-4e4ecc8c elementor-section-boxed elementor-section-height-default elementor-section-height-default\" data-id=\"4e4ecc8c\" data-element_type=\"section\" data-e-type=\"section\">\n\t\t\t\t\t\t<div class=\"elementor-container elementor-column-gap-default\">\n\t\t\t\t\t\t<\/div>\n\t\t<\/section>\n\t\t\t\t<section class=\"elementor-section elementor-top-section elementor-element elementor-element-77c42aef elementor-section-boxed elementor-section-height-default elementor-section-height-default\" data-id=\"77c42aef\" data-element_type=\"section\" data-e-type=\"section\" data-settings=\"{&quot;background_background&quot;:&quot;classic&quot;}\">\n\t\t\t\t\t\t<div class=\"elementor-container elementor-column-gap-default\">\n\t\t\t\t\t<div class=\"elementor-column elementor-col-100 elementor-top-column elementor-element elementor-element-35882bab\" data-id=\"35882bab\" data-element_type=\"column\" data-e-type=\"column\">\n\t\t\t<div class=\"elementor-widget-wrap\">\n\t\t\t\t\t\t\t<\/div>\n\t\t<\/div>\n\t\t\t\t\t<\/div>\n\t\t<\/section>\n\t\t\t\t<section class=\"elementor-section elementor-top-section elementor-element elementor-element-48af07f elementor-section-boxed elementor-section-height-default elementor-section-height-default\" data-id=\"48af07f\" data-element_type=\"section\" data-e-type=\"section\">\n\t\t\t\t\t\t<div class=\"elementor-container elementor-column-gap-default\">\n\t\t\t\t\t\t<\/div>\n\t\t<\/section>\n\t\t\t\t<\/div>\n\t\t","protected":false},"excerpt":{"rendered":"<p>Almada A presen\u00e7a de Almada nos grandes momentos da Hist\u00f3ria de Portugal \u00e9 uma constante, de onde se destacam os cidad\u00e3os, factos e institui\u00e7\u00f5es que contribu\u00edram para o desenvolvimento deste concelho.A proximidade do rio constituiu, desde sempre, um factor determinante para a fixa\u00e7\u00e3o de pessoas, desde a pr\u00e9-hist\u00f3ria at\u00e9 \u00e0 actualidade. A presen\u00e7a humana em [&hellip;]<\/p>\n","protected":false},"author":5,"featured_media":0,"parent":2774,"menu_order":0,"comment_status":"closed","ping_status":"closed","template":"","meta":{"_acf_changed":false,"ocean_post_layout":"","ocean_both_sidebars_style":"","ocean_both_sidebars_content_width":0,"ocean_both_sidebars_sidebars_width":0,"ocean_sidebar":"0","ocean_second_sidebar":"0","ocean_disable_margins":"enable","ocean_add_body_class":"","ocean_shortcode_before_top_bar":"","ocean_shortcode_after_top_bar":"","ocean_shortcode_before_header":"","ocean_shortcode_after_header":"","ocean_has_shortcode":"","ocean_shortcode_after_title":"","ocean_shortcode_before_footer_widgets":"","ocean_shortcode_after_footer_widgets":"","ocean_shortcode_before_footer_bottom":"","ocean_shortcode_after_footer_bottom":"","ocean_display_top_bar":"default","ocean_display_header":"default","ocean_header_style":"","ocean_center_header_left_menu":"0","ocean_custom_header_template":"0","ocean_custom_logo":0,"ocean_custom_retina_logo":0,"ocean_custom_logo_max_width":0,"ocean_custom_logo_tablet_max_width":0,"ocean_custom_logo_mobile_max_width":0,"ocean_custom_logo_max_height":0,"ocean_custom_logo_tablet_max_height":0,"ocean_custom_logo_mobile_max_height":0,"ocean_header_custom_menu":"0","ocean_menu_typo_font_family":"0","ocean_menu_typo_font_subset":"","ocean_menu_typo_font_size":0,"ocean_menu_typo_font_size_tablet":0,"ocean_menu_typo_font_size_mobile":0,"ocean_menu_typo_font_size_unit":"px","ocean_menu_typo_font_weight":"","ocean_menu_typo_font_weight_tablet":"","ocean_menu_typo_font_weight_mobile":"","ocean_menu_typo_transform":"","ocean_menu_typo_transform_tablet":"","ocean_menu_typo_transform_mobile":"","ocean_menu_typo_line_height":0,"ocean_menu_typo_line_height_tablet":0,"ocean_menu_typo_line_height_mobile":0,"ocean_menu_typo_line_height_unit":"","ocean_menu_typo_spacing":0,"ocean_menu_typo_spacing_tablet":0,"ocean_menu_typo_spacing_mobile":0,"ocean_menu_typo_spacing_unit":"","ocean_menu_link_color":"","ocean_menu_link_color_hover":"","ocean_menu_link_color_active":"","ocean_menu_link_background":"","ocean_menu_link_hover_background":"","ocean_menu_link_active_background":"","ocean_menu_social_links_bg":"","ocean_menu_social_hover_links_bg":"","ocean_menu_social_links_color":"","ocean_menu_social_hover_links_color":"","ocean_disable_title":"default","ocean_disable_heading":"default","ocean_post_title":"","ocean_post_subheading":"","ocean_post_title_style":"","ocean_post_title_background_color":"","ocean_post_title_background":0,"ocean_post_title_bg_image_position":"","ocean_post_title_bg_image_attachment":"","ocean_post_title_bg_image_repeat":"","ocean_post_title_bg_image_size":"","ocean_post_title_height":0,"ocean_post_title_bg_overlay":0.5,"ocean_post_title_bg_overlay_color":"","ocean_disable_breadcrumbs":"default","ocean_breadcrumbs_color":"","ocean_breadcrumbs_separator_color":"","ocean_breadcrumbs_links_color":"","ocean_breadcrumbs_links_hover_color":"","ocean_display_footer_widgets":"default","ocean_display_footer_bottom":"default","ocean_custom_footer_template":"0","footnotes":""},"class_list":["post-6369","page","type-page","status-publish","hentry","entry"],"acf":[],"aioseo_notices":[],"_links":{"self":[{"href":"https:\/\/festivalcapuchos.com\/pt\/wp-json\/wp\/v2\/pages\/6369","targetHints":{"allow":["GET"]}}],"collection":[{"href":"https:\/\/festivalcapuchos.com\/pt\/wp-json\/wp\/v2\/pages"}],"about":[{"href":"https:\/\/festivalcapuchos.com\/pt\/wp-json\/wp\/v2\/types\/page"}],"author":[{"embeddable":true,"href":"https:\/\/festivalcapuchos.com\/pt\/wp-json\/wp\/v2\/users\/5"}],"replies":[{"embeddable":true,"href":"https:\/\/festivalcapuchos.com\/pt\/wp-json\/wp\/v2\/comments?post=6369"}],"version-history":[{"count":0,"href":"https:\/\/festivalcapuchos.com\/pt\/wp-json\/wp\/v2\/pages\/6369\/revisions"}],"up":[{"embeddable":true,"href":"https:\/\/festivalcapuchos.com\/pt\/wp-json\/wp\/v2\/pages\/2774"}],"wp:attachment":[{"href":"https:\/\/festivalcapuchos.com\/pt\/wp-json\/wp\/v2\/media?parent=6369"}],"curies":[{"name":"wp","href":"https:\/\/api.w.org\/{rel}","templated":true}]}}